{"id":7399,"date":"2024-02-11T15:44:04","date_gmt":"2024-02-11T15:44:04","guid":{"rendered":"https:\/\/memoriadelesilles.org\/wordpress\/?page_id=7399"},"modified":"2024-05-11T17:54:14","modified_gmt":"2024-05-11T17:54:14","slug":"de-tretes-a-detencions-il%c2%b7legals-i-desaparicions-forcades","status":"publish","type":"page","link":"https:\/\/memoriadelesilles.org\/wordpress\/de-tretes-a-detencions-il%c2%b7legals-i-desaparicions-forcades\/","title":{"rendered":"De &#8220;TRETES&#8221; a &#8220;DETENCIONS IL\u00b7LEGALS&#8221; i desaparicions for\u00e7ades."},"content":{"rendered":"\n<p id=\"par_id4850001\"><\/p>\n\n\n\n<p><strong><a href=\"https:\/\/drive.google.com\/file\/d\/1hPWg03is4zyjsf9IhJ73rQmFu7OTuT8w\/view?usp=sharing\" target=\"_blank\" rel=\"noreferrer noopener\">DE \u201cTRETES\u201d A DETENCIONS IL\u00b7LEGALS I DESAPARICIONS FOR\u00c7ADES<\/a><\/strong><\/p>\n\n\n\n<p>Treball Final del curs d&#8217;Especialista Universitari en Pol\u00edtiques i Recerca en Just\u00edcia de Transici\u00f3 i Mem\u00f2ria Democr\u00e0tica de la Universitat de les Illes Balears al Curs: 2020-2021 realitzat per Maria Ant\u00f2nia Oliver Par\u00eds.<\/p>\n\n\n\n<p><\/p>\n","protected":false},"excerpt":{"rendered":"<p>DE \u201cTRETES\u201d A DETENCIONS IL\u00b7LEGALS I DESAPARICIONS FOR\u00c7ADES Treball Final del curs d&#8217;Especialista Universitari en Pol\u00edtiques i Recerca en Just\u00edcia &hellip; <a class=\"more-link\" href=\"https:\/\/memoriadelesilles.org\/wordpress\/de-tretes-a-detencions-il%c2%b7legals-i-desaparicions-forcades\/\">M\u00e9s<\/a><\/p>\n","protected":false},"author":2,"featured_media":0,"parent":0,"menu_order":0,"comment_status":"closed","ping_status":"closed","template":"","meta":{"footnotes":""},"class_list":["post-7399","page","type-page","status-publish","hentry",""],"_links":{"self":[{"href":"https:\/\/memoriadelesilles.org\/wordpress\/wp-json\/wp\/v2\/pages\/7399","targetHints":{"allow":["GET"]}}],"collection":[{"href":"https:\/\/memoriadelesilles.org\/wordpress\/wp-json\/wp\/v2\/pages"}],"about":[{"href":"https:\/\/memoriadelesilles.org\/wordpress\/wp-json\/wp\/v2\/types\/page"}],"author":[{"embeddable":true,"href":"https:\/\/memoriadelesilles.org\/wordpress\/wp-json\/wp\/v2\/users\/2"}],"replies":[{"embeddable":true,"href":"https:\/\/memoriadelesilles.org\/wordpress\/wp-json\/wp\/v2\/comments?post=7399"}],"version-history":[{"count":4,"href":"https:\/\/memoriadelesilles.org\/wordpress\/wp-json\/wp\/v2\/pages\/7399\/revisions"}],"predecessor-version":[{"id":7500,"href":"https:\/\/memoriadelesilles.org\/wordpress\/wp-json\/wp\/v2\/pages\/7399\/revisions\/7500"}],"wp:attachment":[{"href":"https:\/\/memoriadelesilles.org\/wordpress\/wp-json\/wp\/v2\/media?parent=7399"}],"curies":[{"name":"wp","href":"https:\/\/api.w.org\/{rel}","templated":true}]}}