{"id":7374,"date":"2023-11-21T14:36:55","date_gmt":"2023-11-21T14:36:55","guid":{"rendered":"https:\/\/memoriadelesilles.org\/wordpress\/?page_id=7374"},"modified":"2023-11-21T14:48:38","modified_gmt":"2023-11-21T14:48:38","slug":"comunicat-premsa-21-novembre-2023","status":"publish","type":"page","link":"https:\/\/memoriadelesilles.org\/wordpress\/comunicat-premsa-21-novembre-2023\/","title":{"rendered":"COMUNICAT 21 DE NOVEMBRE 2023"},"content":{"rendered":"\n<figure class=\"wp-block-image size-full\"><img loading=\"lazy\" decoding=\"async\" width=\"248\" height=\"248\" src=\"http:\/\/memoriadelesilles.org\/wordpress\/wp-content\/uploads\/2017\/04\/cropped-10806337_433454080142893_5919038871651730380_n.jpg\" alt=\"\" class=\"wp-image-6198\" srcset=\"https:\/\/memoriadelesilles.org\/wordpress\/wp-content\/uploads\/2017\/04\/cropped-10806337_433454080142893_5919038871651730380_n.jpg 248w, https:\/\/memoriadelesilles.org\/wordpress\/wp-content\/uploads\/2017\/04\/cropped-10806337_433454080142893_5919038871651730380_n-150x150.jpg 150w\" sizes=\"auto, (max-width: 248px) 100vw, 248px\" \/><\/figure>\n\n\n<p class=\"western\" align=\"center\"><b><span style=\"font-size: medium;\">COMUNICAT: INCOMPLIMENT D\u2019ACORDS I PROTOCOLS EN POL\u00cdTIQUES DE MEM\u00d2RIA DEMOCR\u00c0TICA PER PART DELS ACTUALS RESPONSABLES DEL GOIB.<\/span><\/b><\/p>\n<p class=\"western\" align=\"justify\"><span style=\"font-size: medium;\">Per primera vegada d\u2019en\u00e7\u00e0 que s\u2019aprov\u00e0 la llei de 10\/2016, coneguda popularment com a &#8220;Llei de Fosses&#8221;, ens hem hagut d\u2019adonar per la premsa de la data d\u2019exhumaci\u00f3 d\u2019una fossa, concretament la de Sant Lloren\u00e7 d&#8217;E<\/span><span style=\"font-size: medium;\">s<\/span><span style=\"font-size: medium;\"> Cardassar que ha iniciat la tasca avui mateix, dia 20 de novembre, i tamb\u00e9 per primera vegada des que es varen aprovar al Parlament Balear les dues lleis de Mem\u00f2ria Democr\u00e0tica, davant la manca d\u2019informaci\u00f3 per part dels actuals responsables del GOIB en mat\u00e8ria de mem\u00f2ria democr\u00e0tica, ens hem vist obligades a passar pel Registre les nostres demanades. <\/span><\/p>\n<p class=\"western\" align=\"justify\"><span style=\"font-size: medium;\">No havia passat mai a cap fossa exhumada, \u00e9s del tot imprescindible que els membres de les comissions marquin i aprovin les propostes d\u2019actuaci\u00f3, a m\u00e9s s\u2019han de complir els acords i els protocols de comunicaci\u00f3 respecte a l\u2019obertura de fosses, d\u2019identificacions de v\u00edctimes, d\u2019actes, etc\u00e8tera. Les entitats memorialistes representants de les v\u00edctimes i els seus familiars han d\u2019estar assabentades, no \u00e9s possible que ens haguem d\u2019adonar a trav\u00e9s dels mitjans de comunicaci\u00f3, no \u00e9s possible aplicar mem\u00f2ria democr\u00e0tica d\u2019amagat, en silenci. El silenci precisament no concorda en l\u2019aplicaci\u00f3 de mesures encaminades a la mem\u00f2ria democr\u00e0tica, aquestes no s\u00f3n les pol\u00edtiques aplicades fins ara, sempre des de la perspectiva dels drets humans i posicionant a les v\u00edctimes al centre, pol\u00edtiques encaminades a la veritat, la just\u00edcia i la reparaci\u00f3 que foren alabades pel mateix relator especial de Nacions Unides el passat mes de mar\u00e7.<\/span><\/p>\n<p class=\"western\" align=\"justify\"><span style=\"font-size: medium;\">Comen\u00e7a a ser greu la manca de comunicaci\u00f3 dels responsables del GOIB en mat\u00e8ria de mem\u00f2ria democr\u00e0tica amb les entitats de mem\u00f2ria, amb les v\u00edctimes i amb els membres de la Comissi\u00f3 de persones desaparegudes i fosses, tenint aquesta la compet\u00e8ncia establerta a l\u2019article 8, f, de l\u2019esmentada llei de dirigir i dur a terme intervencions a les fosses, en col\u00b7laboraci\u00f3 amb els ajuntaments afectats, formant part Mem\u00f2ria de Mallorca de la citada Comissi\u00f3, ignoram si l&#8217;ajuntament afectat i els familiars de possibles v\u00edctimes han estat informants degudament abans que els mitjans de comunicaci\u00f3, tal com estableix el protocol d\u2019exhumacions. <\/span><\/p>\n<p class=\"western\" align=\"justify\"><span style=\"font-size: medium;\">\u00c9s molt preocupant que no existeixin respostes esclaridores a cap de les demandes que hem fet en repetides ocasions, tant presencialment, com per correu electr\u00f2nic o telef\u00f2nicament, aix\u00ed com tamb\u00e9 el qu\u00e8 no s\u2019hagi convocat cap Comissi\u00f3, ni tan sols sessi\u00f3 informativa, per part dels actuals responsables en mat\u00e8ria de mem\u00f2ria democr\u00e0tica del GOIB i, per tant, davant la impossibilitat de fer el seguiment adient i de presentar propostes i noves iniciatives tal com estableixen les lleis aprovades pel Parlament de les Illes Balears, com a membres de les seves comissions, com a entitat memorialista, com a representant de v\u00edctimes i part interessada i afectada directament, demanam el compliment del reglament, del Protocol d\u2019Exhumaci\u00f3 i del Protocol de Comunicaci\u00f3 aprovats per la Comissi\u00f3 de Desapareguts i Fosses i exigim, amb car\u00e0cter urgent, la seg\u00fcent informaci\u00f3 documental:<\/span><\/p>\n<p class=\"western\" align=\"justify\"><span style=\"font-size: medium;\">1. Qualsevol informaci\u00f3 atorgada als mitjans de comunicaci\u00f3 o publicada a qualsevol mitj\u00e0, estatal, auton\u00f2mic o local, referent a l\u2019inici d\u2019exhumacions per part dels actuals responsables en mat\u00e8ria de mem\u00f2ria democr\u00e0tica del GOIB.<\/span><\/p>\n<p class=\"western\" align=\"justify\"><span style=\"font-size: medium;\">2. Les actuacions pr\u00e8vies per part de l\u2019administraci\u00f3, sigui contacte telef\u00f2nic, correu o qualsevol altre mitj\u00e0, per a informar els familiars de la data i l&#8217;inici d\u2019exhumacions del IV Pla.<\/span><\/p>\n<p class=\"western\" align=\"justify\"><span style=\"font-size: medium;\">3. C\u00f2pia de tota la documentaci\u00f3 generada des de la darrera Comissi\u00f3 de Desapareguts i Fosses, referent a l\u2019inici d&#8217;exhumacions del IV Pla i del Protocol aplicat, aix\u00ed com dels contactes amb possibles familiars i ajuntaments afectats i membres de les comissions, tal com estableix el Protocol d&#8217;Exhumacions i el Protocol de Comunicaci\u00f3 creats a tal afecte per la llei 10\/2016.<\/span><\/p>\n<p class=\"western\" align=\"justify\"><span style=\"font-size: medium;\">4. C\u00f2pia de les propostes d\u2019actuaci\u00f3 presentades per les empreses licitades aprovades a la comissi\u00f3 abans de procedir a les exhumacions, amb la calendaritzaci\u00f3 de cadascuna de les exhumacions establertes al citat Pla.<\/span><\/p>\n<p class=\"western\" align=\"justify\"><span style=\"font-size: medium;\">5. Llistat de persones\/entitats especialistes en mem\u00f2ria democr\u00e0tica que han confirmat la seva pertinen\u00e7a a la Comissi\u00f3 de Desapareguts i Fosses, de les que no han contestat i del termini establert en les comunicacions per contestar, aix\u00ed com el criteri seguit per sol\u00b7licitar t\u00e8cnics especialistes en la mat\u00e8ria.<\/span><\/p>\n<p class=\"western\" align=\"justify\"><span style=\"font-size: medium;\">6. La confirmaci\u00f3 per escrit de qu\u00e8 no existeix qu\u00f2rum en segona volta per celebrar reunions de les dues comissions, segons l\u2019article 8, de la llei 10\/2016, i si \u00e9s aix\u00ed, que els membres no institucionals substitueixin als no designats, i de forma URGENT, es realitzi una sessi\u00f3 informativa pels membres que s\u00ed ho han estat.<\/span><\/p>\n<p class=\"western\" align=\"justify\"><span style=\"font-size: medium;\">7. C\u00f2pia de l\u2019acord de la Comissi\u00f3 que regula el procediment dels Estudis establerts al IV Pla d&#8217;Exhumacions i calendaritzaci\u00f3 de la remissi\u00f3 dels esborranys als col\u00b7laboradors o col\u00b7laboradores.<\/span><\/p>\n<p class=\"western\" align=\"justify\"><span style=\"font-size: medium;\">8. Refer\u00e8ncies espec\u00edfiques a les Comissions de Desapareguts i Fosses i de Mem\u00f2ria i Reconeixements Democr\u00e0tics als plecs t\u00e8cnics i administratius referents al darrer contracte de l\u2019\u00faltim pla d&#8217;exhumacions licitat.<\/span><\/p>\n<p class=\"western\" align=\"justify\"><span style=\"font-size: medium;\">Finalment, volem manifestar el nostre desacord amb la forma en qu\u00e8 s\u2019estan aplicant les pol\u00edtiques p\u00fabliques de mem\u00f2ria democr\u00e0tica per part de l&#8217;actual GOIB, sense comptar ni amb les comissions que emanen de les lleis auton\u00f2miques i que s\u00f3n les que les han de regular, ni amb les entitats de mem\u00f2ria, ni amb les v\u00edctimes i familiars. <\/span><\/p>\n<p class=\"western\" align=\"justify\"><i><b><span style=\"font-size: medium;\">Associaci\u00f3 Mem\u00f2ria de Mallorca.<\/span><\/b><\/i><\/p>\n<p class=\"western\" align=\"justify\"><span style=\"font-size: medium;\">Palma, 20 de novembre 2023.<\/span><\/p>","protected":false},"excerpt":{"rendered":"<p>COMUNICAT: INCOMPLIMENT D\u2019ACORDS I PROTOCOLS EN POL\u00cdTIQUES DE MEM\u00d2RIA DEMOCR\u00c0TICA PER PART DELS ACTUALS RESPONSABLES DEL GOIB. Per primera vegada &hellip; <a class=\"more-link\" href=\"https:\/\/memoriadelesilles.org\/wordpress\/comunicat-premsa-21-novembre-2023\/\">M\u00e9s<\/a><\/p>\n","protected":false},"author":2,"featured_media":0,"parent":0,"menu_order":0,"comment_status":"closed","ping_status":"closed","template":"","meta":{"footnotes":""},"class_list":["post-7374","page","type-page","status-publish","hentry",""],"_links":{"self":[{"href":"https:\/\/memoriadelesilles.org\/wordpress\/wp-json\/wp\/v2\/pages\/7374","targetHints":{"allow":["GET"]}}],"collection":[{"href":"https:\/\/memoriadelesilles.org\/wordpress\/wp-json\/wp\/v2\/pages"}],"about":[{"href":"https:\/\/memoriadelesilles.org\/wordpress\/wp-json\/wp\/v2\/types\/page"}],"author":[{"embeddable":true,"href":"https:\/\/memoriadelesilles.org\/wordpress\/wp-json\/wp\/v2\/users\/2"}],"replies":[{"embeddable":true,"href":"https:\/\/memoriadelesilles.org\/wordpress\/wp-json\/wp\/v2\/comments?post=7374"}],"version-history":[{"count":4,"href":"https:\/\/memoriadelesilles.org\/wordpress\/wp-json\/wp\/v2\/pages\/7374\/revisions"}],"predecessor-version":[{"id":7384,"href":"https:\/\/memoriadelesilles.org\/wordpress\/wp-json\/wp\/v2\/pages\/7374\/revisions\/7384"}],"wp:attachment":[{"href":"https:\/\/memoriadelesilles.org\/wordpress\/wp-json\/wp\/v2\/media?parent=7374"}],"curies":[{"name":"wp","href":"https:\/\/api.w.org\/{rel}","templated":true}]}}