{"id":7289,"date":"2023-06-29T19:40:35","date_gmt":"2023-06-29T19:40:35","guid":{"rendered":"https:\/\/memoriadelesilles.org\/wordpress\/?page_id=7289"},"modified":"2023-06-29T19:40:35","modified_gmt":"2023-06-29T19:40:35","slug":"comunicat-del-col%c2%b7lectiu-recerca","status":"publish","type":"page","link":"https:\/\/memoriadelesilles.org\/wordpress\/comunicat-del-col%c2%b7lectiu-recerca\/","title":{"rendered":"COMUNICAT DEL COL\u00b7LECTIU RECERCA"},"content":{"rendered":"<h1 style=\"text-align: center;\"><strong><em> Qui t\u00e9 por de la Mem\u00f2ria Democr\u00e0tica?<\/em><\/strong><\/h1>\n<h5>El pacte PP-VOX trenca el consens democr\u00e0tic i la reconciliaci\u00f3 i perpetua la manipulaci\u00f3 franquista.<\/h5>\n<p>El Col\u00b7lectiu Recerca, integrat per investigadors i historiadors de totes les Illes Balears, mostra la seva indignaci\u00f3 i preocupaci\u00f3 envers la deriva involucionista que exhibeix l&#8217;acord entre el PP i el partit feixista VOX que trenca dues legislatures de feina i consens en mat\u00e8ria de Mem\u00f2ria Democr\u00e0tica.<\/p>\n<p>Tot i que al document s&#8217;assegura que els punts acordats defensen la Constituci\u00f3 de 1978, la realitat \u00e9s que la vulneren de manera reiterada. Basta recordar que l&#8217;article 10.2 de la Carta Magna estableix que els drets fonamentals dels ciutadans s&#8217;interpretaran de conformitat amb la Declaraci\u00f3 Universal dels Drets Humans i els tractats i acords internacionals, per\u00f2 la realitat \u00e9s que l&#8217;anunci de derogar una llei que nom\u00e9s parla de reconciliaci\u00f3, reconeixement i democr\u00e0cia incompleix diverses resolucions de l&#8217;ONU com ara la 2004\/72 que defensa la lluita contra la impunitat, impunitat que pretenen restablir gaireb\u00e9 50 anys despr\u00e9s de la mort del dictador, o tamb\u00e9 la Resoluci\u00f3 60\/147, de 16 de desembre de 2005.<\/p>\n<p>La Constituci\u00f3 tamb\u00e9 reconeix a l&#8217;article 14 la igualtat de tots els ciutadans davant la llei sense que pugui haver-hi discriminaci\u00f3 de cap mena. Amb l&#8217;anunci de la derogaci\u00f3 de la Llei 2\/2018 de 13 d&#8217;abril de Mem\u00f2ria i Reconeixement Democr\u00e0tics de les Illes Balears (aprovada gr\u00e0cies al consens de totes les forces pol\u00edtiques presents al Parlament Balear durant la legislatura 2015-2019), els nous governants tornen al discurs guerracivilista i supremacista i neguen, menyspreen i humilien el patiment de les milers i milers de persones que varen pagar amb la seva llibertat i la seva vida el fet d&#8217;haver defensat la democr\u00e0cia. Aix\u00f2 va en contra de qualsevol principi de reconciliaci\u00f3 que tant esmenten.<\/p>\n<p>El punt de l&#8217;acord PP-VOX objecte d&#8217;aquest comunicat \u00e9s la culminaci\u00f3 d&#8217;una claudicaci\u00f3 democr\u00e0tica indigna, on el partit m\u00e9s votat a les passades eleccions i que va aconseguir gaireb\u00e9 un 36% dels sufragis s&#8217;agenolla davant un partit que tan sols n&#8217;ha aconseguit un 13% i que treballa des de fa temps per trencar les regles democr\u00e0tiques i entrar dins unes institucions en les quals no creu, tal com ha manifestat de manera reiterada. Hem de recordar que la llei de mem\u00f2ria democr\u00e0tica reconeix les v\u00edctimes dels dos b\u00e0ndols i condemna el franquisme. Cap dem\u00f2crata est\u00e0 en contra d&#8217;aix\u00f2. S\u00f3n precisament aquests dos punts els que molesten els feixistes, la condemna d&#8217;una dictadura que els representa i el reconeixement a totes les v\u00edctimes perqu\u00e8 per a ells nom\u00e9s existeixen les d&#8217;un b\u00e0ndol.<\/p>\n<p>La Llei 2\/2018 que VOX i el seu ap\u00e8ndix pretenen derogar fa tamb\u00e9 una menci\u00f3 a la doble viol\u00e8ncia que varen patir les dones. No ens ha d&#8217;estranyar que l&#8217;atac vengui d&#8217;un partit que nega la viol\u00e8ncia de g\u00e8nere.<\/p>\n<p>Cal fer esment tamb\u00e9 que el punt de l&#8217;acord que fa refer\u00e8ncia a la derogaci\u00f3 de la llei de mem\u00f2ria democr\u00e0tica deixa tamb\u00e9 ben clara la voluntat dels dos partits de garantir la protecci\u00f3 de monuments franquistes com el de sa Feixina, mon\u00f2lit que ha servit en diverses ocasions d&#8217;escenari de les seves posades en escena.<\/p>\n<p>Escriure i afirmar que derogar una llei que parla de democr\u00e0cia i igualtat de totes les v\u00edctimes es fa amb voluntat de conciliaci\u00f3 \u00e9s una mostra del cinisme m\u00e9s absolut. \u00c9s ben a l&#8217;inrev\u00e9s: ho fan per continuar manipulant la hist\u00f2ria i que les ferides no tanquin. Finalment, hem de dir que amb aquest acord el PP tira per terra la legitimitat democr\u00e0tica que li varen atorgar les urnes en plegar-se i convertir-se en la titella d&#8217;un partit que no ha guanyat les eleccions i que vol dinamitar la democr\u00e0cia des de dins les institucions.<\/p>\n<p><img loading=\"lazy\" decoding=\"async\" class=\"size-full wp-image-7290 aligncenter\" src=\"http:\/\/memoriadelesilles.org\/wordpress\/wp-content\/uploads\/2023\/06\/col_recerca.png\" alt=\"\" width=\"148\" height=\"136\" \/><\/p>\n<h2 style=\"text-align: center;\">Col\u00b7lectiu Recerca<\/h2>\n<p style=\"text-align: center;\">Grup de recerca, investigaci\u00f3, difusi\u00f3, debat i estudi entorn la hist\u00f2ria de la II Rep\u00fablica, la Guerra Civil, la repressi\u00f3 i el franquisme a les Illes Balears<\/p>\n","protected":false},"excerpt":{"rendered":"<p>Qui t\u00e9 por de la Mem\u00f2ria Democr\u00e0tica? El pacte PP-VOX trenca el consens democr\u00e0tic i la reconciliaci\u00f3 i perpetua la &hellip; <a class=\"more-link\" href=\"https:\/\/memoriadelesilles.org\/wordpress\/comunicat-del-col%c2%b7lectiu-recerca\/\">M\u00e9s<\/a><\/p>\n","protected":false},"author":2,"featured_media":7290,"parent":0,"menu_order":0,"comment_status":"closed","ping_status":"closed","template":"","meta":{"footnotes":""},"class_list":["post-7289","page","type-page","status-publish","has-post-thumbnail","hentry",""],"_links":{"self":[{"href":"https:\/\/memoriadelesilles.org\/wordpress\/wp-json\/wp\/v2\/pages\/7289","targetHints":{"allow":["GET"]}}],"collection":[{"href":"https:\/\/memoriadelesilles.org\/wordpress\/wp-json\/wp\/v2\/pages"}],"about":[{"href":"https:\/\/memoriadelesilles.org\/wordpress\/wp-json\/wp\/v2\/types\/page"}],"author":[{"embeddable":true,"href":"https:\/\/memoriadelesilles.org\/wordpress\/wp-json\/wp\/v2\/users\/2"}],"replies":[{"embeddable":true,"href":"https:\/\/memoriadelesilles.org\/wordpress\/wp-json\/wp\/v2\/comments?post=7289"}],"version-history":[{"count":1,"href":"https:\/\/memoriadelesilles.org\/wordpress\/wp-json\/wp\/v2\/pages\/7289\/revisions"}],"predecessor-version":[{"id":7291,"href":"https:\/\/memoriadelesilles.org\/wordpress\/wp-json\/wp\/v2\/pages\/7289\/revisions\/7291"}],"wp:featuredmedia":[{"embeddable":true,"href":"https:\/\/memoriadelesilles.org\/wordpress\/wp-json\/wp\/v2\/media\/7290"}],"wp:attachment":[{"href":"https:\/\/memoriadelesilles.org\/wordpress\/wp-json\/wp\/v2\/media?parent=7289"}],"curies":[{"name":"wp","href":"https:\/\/api.w.org\/{rel}","templated":true}]}}