{"id":7218,"date":"2023-04-11T19:42:07","date_gmt":"2023-04-11T19:42:07","guid":{"rendered":"https:\/\/memoriadelesilles.org\/wordpress\/?page_id=7218"},"modified":"2023-04-11T19:42:07","modified_gmt":"2023-04-11T19:42:07","slug":"bunyola","status":"publish","type":"page","link":"https:\/\/memoriadelesilles.org\/wordpress\/bunyola\/","title":{"rendered":"Bunyola"},"content":{"rendered":"\n<p class=\"has-text-align-center has-black-color has-vivid-purple-background-color has-text-color has-background has-large-font-size\"><strong>Actes en commemoraci\u00f3 del 92\u00e8 Aniversari de la proclamaci\u00f3 de la II Rep\u00fablica<\/strong><\/p>\n\n\n<div class=\"wp-block-image\">\n<figure class=\"aligncenter size-large\"><img loading=\"lazy\" decoding=\"async\" width=\"724\" height=\"1024\" src=\"https:\/\/memoriadelesilles.org\/wordpress\/wp-content\/uploads\/2023\/04\/Imatge-de-WhatsApp-2023-04-11-a-les-15.15.23-724x1024.jpg\" alt=\"\" class=\"wp-image-7219\" srcset=\"https:\/\/memoriadelesilles.org\/wordpress\/wp-content\/uploads\/2023\/04\/Imatge-de-WhatsApp-2023-04-11-a-les-15.15.23-724x1024.jpg 724w, https:\/\/memoriadelesilles.org\/wordpress\/wp-content\/uploads\/2023\/04\/Imatge-de-WhatsApp-2023-04-11-a-les-15.15.23-212x300.jpg 212w, https:\/\/memoriadelesilles.org\/wordpress\/wp-content\/uploads\/2023\/04\/Imatge-de-WhatsApp-2023-04-11-a-les-15.15.23-768x1086.jpg 768w, https:\/\/memoriadelesilles.org\/wordpress\/wp-content\/uploads\/2023\/04\/Imatge-de-WhatsApp-2023-04-11-a-les-15.15.23-1086x1536.jpg 1086w, https:\/\/memoriadelesilles.org\/wordpress\/wp-content\/uploads\/2023\/04\/Imatge-de-WhatsApp-2023-04-11-a-les-15.15.23-720x1019.jpg 720w, https:\/\/memoriadelesilles.org\/wordpress\/wp-content\/uploads\/2023\/04\/Imatge-de-WhatsApp-2023-04-11-a-les-15.15.23-560x792.jpg 560w, https:\/\/memoriadelesilles.org\/wordpress\/wp-content\/uploads\/2023\/04\/Imatge-de-WhatsApp-2023-04-11-a-les-15.15.23.jpg 1131w\" sizes=\"auto, (max-width: 724px) 100vw, 724px\" \/><\/figure>\n<\/div>","protected":false},"excerpt":{"rendered":"<p>Actes en commemoraci\u00f3 del 92\u00e8 Aniversari de la proclamaci\u00f3 de la II Rep\u00fablica<\/p>\n","protected":false},"author":2,"featured_media":7219,"parent":0,"menu_order":0,"comment_status":"closed","ping_status":"closed","template":"","meta":{"footnotes":""},"class_list":["post-7218","page","type-page","status-publish","has-post-thumbnail","hentry",""],"_links":{"self":[{"href":"https:\/\/memoriadelesilles.org\/wordpress\/wp-json\/wp\/v2\/pages\/7218","targetHints":{"allow":["GET"]}}],"collection":[{"href":"https:\/\/memoriadelesilles.org\/wordpress\/wp-json\/wp\/v2\/pages"}],"about":[{"href":"https:\/\/memoriadelesilles.org\/wordpress\/wp-json\/wp\/v2\/types\/page"}],"author":[{"embeddable":true,"href":"https:\/\/memoriadelesilles.org\/wordpress\/wp-json\/wp\/v2\/users\/2"}],"replies":[{"embeddable":true,"href":"https:\/\/memoriadelesilles.org\/wordpress\/wp-json\/wp\/v2\/comments?post=7218"}],"version-history":[{"count":0,"href":"https:\/\/memoriadelesilles.org\/wordpress\/wp-json\/wp\/v2\/pages\/7218\/revisions"}],"wp:featuredmedia":[{"embeddable":true,"href":"https:\/\/memoriadelesilles.org\/wordpress\/wp-json\/wp\/v2\/media\/7219"}],"wp:attachment":[{"href":"https:\/\/memoriadelesilles.org\/wordpress\/wp-json\/wp\/v2\/media?parent=7218"}],"curies":[{"name":"wp","href":"https:\/\/api.w.org\/{rel}","templated":true}]}}