{"id":7211,"date":"2023-04-10T17:11:53","date_gmt":"2023-04-10T17:11:53","guid":{"rendered":"https:\/\/memoriadelesilles.org\/wordpress\/?page_id=7211"},"modified":"2023-04-11T19:44:28","modified_gmt":"2023-04-11T19:44:28","slug":"porreres","status":"publish","type":"page","link":"https:\/\/memoriadelesilles.org\/wordpress\/porreres\/","title":{"rendered":"Porreres"},"content":{"rendered":"\n<p class=\"has-text-align-center has-black-color has-vivid-purple-background-color has-text-color has-background has-large-font-size\"><strong>Actes en commemoraci\u00f3 del 92\u00e8 Aniversari de la proclamaci\u00f3 de la II Rep\u00fablica<\/strong><\/p>\n\n\n<div class=\"wp-block-image\">\n<figure class=\"aligncenter size-large\"><img loading=\"lazy\" decoding=\"async\" width=\"1024\" height=\"522\" src=\"https:\/\/memoriadelesilles.org\/wordpress\/wp-content\/uploads\/2023\/04\/Imatge-de-WhatsApp-2023-04-10-a-les-11.01.32-1024x522.jpg\" alt=\"\" class=\"wp-image-7212\" srcset=\"https:\/\/memoriadelesilles.org\/wordpress\/wp-content\/uploads\/2023\/04\/Imatge-de-WhatsApp-2023-04-10-a-les-11.01.32-1024x522.jpg 1024w, https:\/\/memoriadelesilles.org\/wordpress\/wp-content\/uploads\/2023\/04\/Imatge-de-WhatsApp-2023-04-10-a-les-11.01.32-300x153.jpg 300w, https:\/\/memoriadelesilles.org\/wordpress\/wp-content\/uploads\/2023\/04\/Imatge-de-WhatsApp-2023-04-10-a-les-11.01.32-768x391.jpg 768w, https:\/\/memoriadelesilles.org\/wordpress\/wp-content\/uploads\/2023\/04\/Imatge-de-WhatsApp-2023-04-10-a-les-11.01.32-720x367.jpg 720w, https:\/\/memoriadelesilles.org\/wordpress\/wp-content\/uploads\/2023\/04\/Imatge-de-WhatsApp-2023-04-10-a-les-11.01.32-560x285.jpg 560w, https:\/\/memoriadelesilles.org\/wordpress\/wp-content\/uploads\/2023\/04\/Imatge-de-WhatsApp-2023-04-10-a-les-11.01.32.jpg 1334w\" sizes=\"auto, (max-width: 1024px) 100vw, 1024px\" \/><\/figure>\n<\/div>\n\n<div class=\"wp-block-image\">\n<figure class=\"aligncenter size-full\"><img loading=\"lazy\" decoding=\"async\" width=\"1011\" height=\"750\" src=\"https:\/\/memoriadelesilles.org\/wordpress\/wp-content\/uploads\/2023\/04\/Imatge-de-WhatsApp-2023-04-11-a-les-15.15.35.jpg\" alt=\"\" class=\"wp-image-7223\" srcset=\"https:\/\/memoriadelesilles.org\/wordpress\/wp-content\/uploads\/2023\/04\/Imatge-de-WhatsApp-2023-04-11-a-les-15.15.35.jpg 1011w, https:\/\/memoriadelesilles.org\/wordpress\/wp-content\/uploads\/2023\/04\/Imatge-de-WhatsApp-2023-04-11-a-les-15.15.35-300x223.jpg 300w, https:\/\/memoriadelesilles.org\/wordpress\/wp-content\/uploads\/2023\/04\/Imatge-de-WhatsApp-2023-04-11-a-les-15.15.35-768x570.jpg 768w, https:\/\/memoriadelesilles.org\/wordpress\/wp-content\/uploads\/2023\/04\/Imatge-de-WhatsApp-2023-04-11-a-les-15.15.35-720x534.jpg 720w, https:\/\/memoriadelesilles.org\/wordpress\/wp-content\/uploads\/2023\/04\/Imatge-de-WhatsApp-2023-04-11-a-les-15.15.35-560x415.jpg 560w\" sizes=\"auto, (max-width: 1011px) 100vw, 1011px\" \/><\/figure>\n<\/div>","protected":false},"excerpt":{"rendered":"<p>Actes en commemoraci\u00f3 del 92\u00e8 Aniversari de la proclamaci\u00f3 de la II Rep\u00fablica<\/p>\n","protected":false},"author":2,"featured_media":7212,"parent":0,"menu_order":0,"comment_status":"closed","ping_status":"closed","template":"","meta":{"footnotes":""},"class_list":["post-7211","page","type-page","status-publish","has-post-thumbnail","hentry",""],"_links":{"self":[{"href":"https:\/\/memoriadelesilles.org\/wordpress\/wp-json\/wp\/v2\/pages\/7211","targetHints":{"allow":["GET"]}}],"collection":[{"href":"https:\/\/memoriadelesilles.org\/wordpress\/wp-json\/wp\/v2\/pages"}],"about":[{"href":"https:\/\/memoriadelesilles.org\/wordpress\/wp-json\/wp\/v2\/types\/page"}],"author":[{"embeddable":true,"href":"https:\/\/memoriadelesilles.org\/wordpress\/wp-json\/wp\/v2\/users\/2"}],"replies":[{"embeddable":true,"href":"https:\/\/memoriadelesilles.org\/wordpress\/wp-json\/wp\/v2\/comments?post=7211"}],"version-history":[{"count":0,"href":"https:\/\/memoriadelesilles.org\/wordpress\/wp-json\/wp\/v2\/pages\/7211\/revisions"}],"wp:featuredmedia":[{"embeddable":true,"href":"https:\/\/memoriadelesilles.org\/wordpress\/wp-json\/wp\/v2\/media\/7212"}],"wp:attachment":[{"href":"https:\/\/memoriadelesilles.org\/wordpress\/wp-json\/wp\/v2\/media?parent=7211"}],"curies":[{"name":"wp","href":"https:\/\/api.w.org\/{rel}","templated":true}]}}