{"id":7203,"date":"2023-04-10T17:05:40","date_gmt":"2023-04-10T17:05:40","guid":{"rendered":"https:\/\/memoriadelesilles.org\/wordpress\/?page_id=7203"},"modified":"2023-04-10T17:05:40","modified_gmt":"2023-04-10T17:05:40","slug":"soller","status":"publish","type":"page","link":"https:\/\/memoriadelesilles.org\/wordpress\/soller\/","title":{"rendered":"S\u00f3ller"},"content":{"rendered":"\n<p class=\"has-text-align-center has-black-color has-vivid-purple-background-color has-text-color has-background has-large-font-size\"><strong>Actes en commemoraci\u00f3 del 92\u00e8 Aniversari de la proclamaci\u00f3 de la II Rep\u00fablica<\/strong><\/p>\n\n\n<div class=\"wp-block-image\">\n<figure class=\"aligncenter size-large\"><img loading=\"lazy\" decoding=\"async\" width=\"799\" height=\"1024\" src=\"https:\/\/memoriadelesilles.org\/wordpress\/wp-content\/uploads\/2023\/04\/Imatge-de-WhatsApp-2023-04-10-a-les-10.45.23-799x1024.jpg\" alt=\"\" class=\"wp-image-7204\" srcset=\"https:\/\/memoriadelesilles.org\/wordpress\/wp-content\/uploads\/2023\/04\/Imatge-de-WhatsApp-2023-04-10-a-les-10.45.23-799x1024.jpg 799w, https:\/\/memoriadelesilles.org\/wordpress\/wp-content\/uploads\/2023\/04\/Imatge-de-WhatsApp-2023-04-10-a-les-10.45.23-234x300.jpg 234w, https:\/\/memoriadelesilles.org\/wordpress\/wp-content\/uploads\/2023\/04\/Imatge-de-WhatsApp-2023-04-10-a-les-10.45.23-768x984.jpg 768w, https:\/\/memoriadelesilles.org\/wordpress\/wp-content\/uploads\/2023\/04\/Imatge-de-WhatsApp-2023-04-10-a-les-10.45.23-1199x1536.jpg 1199w, https:\/\/memoriadelesilles.org\/wordpress\/wp-content\/uploads\/2023\/04\/Imatge-de-WhatsApp-2023-04-10-a-les-10.45.23-720x922.jpg 720w, https:\/\/memoriadelesilles.org\/wordpress\/wp-content\/uploads\/2023\/04\/Imatge-de-WhatsApp-2023-04-10-a-les-10.45.23-560x717.jpg 560w, https:\/\/memoriadelesilles.org\/wordpress\/wp-content\/uploads\/2023\/04\/Imatge-de-WhatsApp-2023-04-10-a-les-10.45.23.jpg 1249w\" sizes=\"auto, (max-width: 799px) 100vw, 799px\" \/><\/figure>\n<\/div>","protected":false},"excerpt":{"rendered":"<p>Actes en commemoraci\u00f3 del 92\u00e8 Aniversari de la proclamaci\u00f3 de la II Rep\u00fablica<\/p>\n","protected":false},"author":2,"featured_media":7204,"parent":0,"menu_order":0,"comment_status":"closed","ping_status":"closed","template":"","meta":{"footnotes":""},"class_list":["post-7203","page","type-page","status-publish","has-post-thumbnail","hentry",""],"_links":{"self":[{"href":"https:\/\/memoriadelesilles.org\/wordpress\/wp-json\/wp\/v2\/pages\/7203","targetHints":{"allow":["GET"]}}],"collection":[{"href":"https:\/\/memoriadelesilles.org\/wordpress\/wp-json\/wp\/v2\/pages"}],"about":[{"href":"https:\/\/memoriadelesilles.org\/wordpress\/wp-json\/wp\/v2\/types\/page"}],"author":[{"embeddable":true,"href":"https:\/\/memoriadelesilles.org\/wordpress\/wp-json\/wp\/v2\/users\/2"}],"replies":[{"embeddable":true,"href":"https:\/\/memoriadelesilles.org\/wordpress\/wp-json\/wp\/v2\/comments?post=7203"}],"version-history":[{"count":0,"href":"https:\/\/memoriadelesilles.org\/wordpress\/wp-json\/wp\/v2\/pages\/7203\/revisions"}],"wp:featuredmedia":[{"embeddable":true,"href":"https:\/\/memoriadelesilles.org\/wordpress\/wp-json\/wp\/v2\/media\/7204"}],"wp:attachment":[{"href":"https:\/\/memoriadelesilles.org\/wordpress\/wp-json\/wp\/v2\/media?parent=7203"}],"curies":[{"name":"wp","href":"https:\/\/api.w.org\/{rel}","templated":true}]}}