{"id":7188,"date":"2023-04-09T16:42:10","date_gmt":"2023-04-09T16:42:10","guid":{"rendered":"https:\/\/memoriadelesilles.org\/wordpress\/?page_id=7188"},"modified":"2023-04-10T17:03:10","modified_gmt":"2023-04-10T17:03:10","slug":"calvia","status":"publish","type":"page","link":"https:\/\/memoriadelesilles.org\/wordpress\/calvia\/","title":{"rendered":"Calvia"},"content":{"rendered":"\n<p class=\"has-text-align-center has-black-color has-vivid-purple-background-color has-text-color has-background has-large-font-size\"><strong>Actes en commemoraci\u00f3 del 92\u00e8 Aniversari de la proclamaci\u00f3 de la II Rep\u00fablica<\/strong><\/p>\n\n\n<div class=\"wp-block-image\">\n<figure class=\"aligncenter size-large\"><img loading=\"lazy\" decoding=\"async\" width=\"724\" height=\"1024\" src=\"https:\/\/memoriadelesilles.org\/wordpress\/wp-content\/uploads\/2023\/04\/Imatge-de-WhatsApp-2023-04-10-a-les-10.44.05-724x1024.jpg\" alt=\"\" class=\"wp-image-7200\" srcset=\"https:\/\/memoriadelesilles.org\/wordpress\/wp-content\/uploads\/2023\/04\/Imatge-de-WhatsApp-2023-04-10-a-les-10.44.05-724x1024.jpg 724w, https:\/\/memoriadelesilles.org\/wordpress\/wp-content\/uploads\/2023\/04\/Imatge-de-WhatsApp-2023-04-10-a-les-10.44.05-212x300.jpg 212w, https:\/\/memoriadelesilles.org\/wordpress\/wp-content\/uploads\/2023\/04\/Imatge-de-WhatsApp-2023-04-10-a-les-10.44.05-768x1086.jpg 768w, https:\/\/memoriadelesilles.org\/wordpress\/wp-content\/uploads\/2023\/04\/Imatge-de-WhatsApp-2023-04-10-a-les-10.44.05-1086x1536.jpg 1086w, https:\/\/memoriadelesilles.org\/wordpress\/wp-content\/uploads\/2023\/04\/Imatge-de-WhatsApp-2023-04-10-a-les-10.44.05-720x1019.jpg 720w, https:\/\/memoriadelesilles.org\/wordpress\/wp-content\/uploads\/2023\/04\/Imatge-de-WhatsApp-2023-04-10-a-les-10.44.05-560x792.jpg 560w, https:\/\/memoriadelesilles.org\/wordpress\/wp-content\/uploads\/2023\/04\/Imatge-de-WhatsApp-2023-04-10-a-les-10.44.05.jpg 1131w\" sizes=\"auto, (max-width: 724px) 100vw, 724px\" \/><\/figure>\n<\/div>\n\n<div class=\"wp-block-image\">\n<figure class=\"aligncenter size-large\"><img loading=\"lazy\" decoding=\"async\" width=\"735\" height=\"1024\" src=\"https:\/\/memoriadelesilles.org\/wordpress\/wp-content\/uploads\/2023\/04\/Imatge-de-WhatsApp-2023-04-08-a-les-11.36.01-735x1024.jpg\" alt=\"\" class=\"wp-image-7189\" srcset=\"https:\/\/memoriadelesilles.org\/wordpress\/wp-content\/uploads\/2023\/04\/Imatge-de-WhatsApp-2023-04-08-a-les-11.36.01-735x1024.jpg 735w, https:\/\/memoriadelesilles.org\/wordpress\/wp-content\/uploads\/2023\/04\/Imatge-de-WhatsApp-2023-04-08-a-les-11.36.01-215x300.jpg 215w, https:\/\/memoriadelesilles.org\/wordpress\/wp-content\/uploads\/2023\/04\/Imatge-de-WhatsApp-2023-04-08-a-les-11.36.01-768x1070.jpg 768w, https:\/\/memoriadelesilles.org\/wordpress\/wp-content\/uploads\/2023\/04\/Imatge-de-WhatsApp-2023-04-08-a-les-11.36.01-720x1003.jpg 720w, https:\/\/memoriadelesilles.org\/wordpress\/wp-content\/uploads\/2023\/04\/Imatge-de-WhatsApp-2023-04-08-a-les-11.36.01-560x780.jpg 560w, https:\/\/memoriadelesilles.org\/wordpress\/wp-content\/uploads\/2023\/04\/Imatge-de-WhatsApp-2023-04-08-a-les-11.36.01.jpg 1080w\" sizes=\"auto, (max-width: 735px) 100vw, 735px\" \/><\/figure>\n<\/div>","protected":false},"excerpt":{"rendered":"<p>Actes en commemoraci\u00f3 del 92\u00e8 Aniversari de la proclamaci\u00f3 de la II Rep\u00fablica<\/p>\n","protected":false},"author":2,"featured_media":7189,"parent":0,"menu_order":0,"comment_status":"closed","ping_status":"closed","template":"","meta":{"footnotes":""},"class_list":["post-7188","page","type-page","status-publish","has-post-thumbnail","hentry",""],"_links":{"self":[{"href":"https:\/\/memoriadelesilles.org\/wordpress\/wp-json\/wp\/v2\/pages\/7188","targetHints":{"allow":["GET"]}}],"collection":[{"href":"https:\/\/memoriadelesilles.org\/wordpress\/wp-json\/wp\/v2\/pages"}],"about":[{"href":"https:\/\/memoriadelesilles.org\/wordpress\/wp-json\/wp\/v2\/types\/page"}],"author":[{"embeddable":true,"href":"https:\/\/memoriadelesilles.org\/wordpress\/wp-json\/wp\/v2\/users\/2"}],"replies":[{"embeddable":true,"href":"https:\/\/memoriadelesilles.org\/wordpress\/wp-json\/wp\/v2\/comments?post=7188"}],"version-history":[{"count":0,"href":"https:\/\/memoriadelesilles.org\/wordpress\/wp-json\/wp\/v2\/pages\/7188\/revisions"}],"wp:featuredmedia":[{"embeddable":true,"href":"https:\/\/memoriadelesilles.org\/wordpress\/wp-json\/wp\/v2\/media\/7189"}],"wp:attachment":[{"href":"https:\/\/memoriadelesilles.org\/wordpress\/wp-json\/wp\/v2\/media?parent=7188"}],"curies":[{"name":"wp","href":"https:\/\/api.w.org\/{rel}","templated":true}]}}