{"id":7176,"date":"2023-04-09T16:32:38","date_gmt":"2023-04-09T16:32:38","guid":{"rendered":"https:\/\/memoriadelesilles.org\/wordpress\/?page_id=7176"},"modified":"2023-04-09T16:38:17","modified_gmt":"2023-04-09T16:38:17","slug":"santa-maria","status":"publish","type":"page","link":"https:\/\/memoriadelesilles.org\/wordpress\/santa-maria\/","title":{"rendered":"Santa Maria"},"content":{"rendered":"\n<p class=\"has-text-align-center has-black-color has-vivid-purple-background-color has-text-color has-background has-large-font-size\"><strong>Actes en commemoraci\u00f3 del 92\u00e8 Aniversari de la proclamaci\u00f3 de la II Rep\u00fablica<\/strong><\/p>\n\n\n<div class=\"wp-block-image\">\n<figure class=\"aligncenter size-large\"><img loading=\"lazy\" decoding=\"async\" width=\"724\" height=\"1024\" src=\"https:\/\/memoriadelesilles.org\/wordpress\/wp-content\/uploads\/2023\/04\/Imatge-de-WhatsApp-2023-04-08-a-les-11.37.53-724x1024.jpg\" alt=\"\" class=\"wp-image-7181\" srcset=\"https:\/\/memoriadelesilles.org\/wordpress\/wp-content\/uploads\/2023\/04\/Imatge-de-WhatsApp-2023-04-08-a-les-11.37.53-724x1024.jpg 724w, https:\/\/memoriadelesilles.org\/wordpress\/wp-content\/uploads\/2023\/04\/Imatge-de-WhatsApp-2023-04-08-a-les-11.37.53-212x300.jpg 212w, https:\/\/memoriadelesilles.org\/wordpress\/wp-content\/uploads\/2023\/04\/Imatge-de-WhatsApp-2023-04-08-a-les-11.37.53-768x1086.jpg 768w, https:\/\/memoriadelesilles.org\/wordpress\/wp-content\/uploads\/2023\/04\/Imatge-de-WhatsApp-2023-04-08-a-les-11.37.53-1086x1536.jpg 1086w, https:\/\/memoriadelesilles.org\/wordpress\/wp-content\/uploads\/2023\/04\/Imatge-de-WhatsApp-2023-04-08-a-les-11.37.53-720x1019.jpg 720w, https:\/\/memoriadelesilles.org\/wordpress\/wp-content\/uploads\/2023\/04\/Imatge-de-WhatsApp-2023-04-08-a-les-11.37.53-560x792.jpg 560w, https:\/\/memoriadelesilles.org\/wordpress\/wp-content\/uploads\/2023\/04\/Imatge-de-WhatsApp-2023-04-08-a-les-11.37.53.jpg 1131w\" sizes=\"auto, (max-width: 724px) 100vw, 724px\" \/><\/figure>\n<\/div>\n\n<div class=\"wp-block-image\">\n<figure class=\"aligncenter size-large\"><img loading=\"lazy\" decoding=\"async\" width=\"580\" height=\"1024\" src=\"http:\/\/memoriadelesilles.org\/wordpress\/wp-content\/uploads\/2023\/04\/Imatge-de-WhatsApp-2023-04-06-a-les-15.16.04-580x1024.jpg\" alt=\"\" class=\"wp-image-7159\" srcset=\"https:\/\/memoriadelesilles.org\/wordpress\/wp-content\/uploads\/2023\/04\/Imatge-de-WhatsApp-2023-04-06-a-les-15.16.04-580x1024.jpg 580w, https:\/\/memoriadelesilles.org\/wordpress\/wp-content\/uploads\/2023\/04\/Imatge-de-WhatsApp-2023-04-06-a-les-15.16.04-170x300.jpg 170w, https:\/\/memoriadelesilles.org\/wordpress\/wp-content\/uploads\/2023\/04\/Imatge-de-WhatsApp-2023-04-06-a-les-15.16.04-680x1200.jpg 680w, https:\/\/memoriadelesilles.org\/wordpress\/wp-content\/uploads\/2023\/04\/Imatge-de-WhatsApp-2023-04-06-a-les-15.16.04-560x989.jpg 560w, https:\/\/memoriadelesilles.org\/wordpress\/wp-content\/uploads\/2023\/04\/Imatge-de-WhatsApp-2023-04-06-a-les-15.16.04.jpg 720w\" sizes=\"auto, (max-width: 580px) 100vw, 580px\" \/><\/figure>\n<\/div>","protected":false},"excerpt":{"rendered":"<p>Actes en commemoraci\u00f3 del 92\u00e8 Aniversari de la proclamaci\u00f3 de la II Rep\u00fablica<\/p>\n","protected":false},"author":2,"featured_media":7181,"parent":0,"menu_order":0,"comment_status":"closed","ping_status":"closed","template":"","meta":{"footnotes":""},"class_list":["post-7176","page","type-page","status-publish","has-post-thumbnail","hentry",""],"_links":{"self":[{"href":"https:\/\/memoriadelesilles.org\/wordpress\/wp-json\/wp\/v2\/pages\/7176","targetHints":{"allow":["GET"]}}],"collection":[{"href":"https:\/\/memoriadelesilles.org\/wordpress\/wp-json\/wp\/v2\/pages"}],"about":[{"href":"https:\/\/memoriadelesilles.org\/wordpress\/wp-json\/wp\/v2\/types\/page"}],"author":[{"embeddable":true,"href":"https:\/\/memoriadelesilles.org\/wordpress\/wp-json\/wp\/v2\/users\/2"}],"replies":[{"embeddable":true,"href":"https:\/\/memoriadelesilles.org\/wordpress\/wp-json\/wp\/v2\/comments?post=7176"}],"version-history":[{"count":0,"href":"https:\/\/memoriadelesilles.org\/wordpress\/wp-json\/wp\/v2\/pages\/7176\/revisions"}],"wp:featuredmedia":[{"embeddable":true,"href":"https:\/\/memoriadelesilles.org\/wordpress\/wp-json\/wp\/v2\/media\/7181"}],"wp:attachment":[{"href":"https:\/\/memoriadelesilles.org\/wordpress\/wp-json\/wp\/v2\/media?parent=7176"}],"curies":[{"name":"wp","href":"https:\/\/api.w.org\/{rel}","templated":true}]}}