{"id":7,"date":"2007-10-25T23:20:20","date_gmt":"2007-10-25T23:20:20","guid":{"rendered":"http:\/\/www.memoriadelesilles.org\/wordpress\/?page_id=3"},"modified":"2007-10-25T23:20:20","modified_gmt":"2007-10-25T23:20:20","slug":"credits","status":"publish","type":"page","link":"https:\/\/memoriadelesilles.org\/wordpress\/credits\/","title":{"rendered":"Cr\u00e8dits"},"content":{"rendered":"<p>Companyes i companys que hi han aportat la seva col.laboraci\u00f3:<\/p>\n<p><strong>Associaci\u00f3 per a la Recuperaci\u00f3 de la Mem\u00f2ria Hist\u00f2rica de Mallorca<\/strong><\/p>\n<p>Maria Ant\u00f2nia Oliver Par\u00eds<br \/>\nMargalida Capell\u00e0<\/p>\n<p><strong>Cronologia<\/strong><\/p>\n<p>David Ginard<br \/>\nLloren\u00e7 Buades<\/p>\n<p><strong>On s\u00f3n? Desapareguts<\/strong><\/p>\n<p>Maria Ant\u00f2nia Oliver Par\u00eds<br \/>\nMargalida Capell\u00e0<\/p>\n<p><strong>Publicacions<\/strong><\/p>\n<p>Joana Maria Roque<br \/>\nCatalina Caldentey<br \/>\nJoaqu\u00edn Valdivielso<\/p>\n<p><strong>Hemeroteca<\/strong><\/p>\n<p>Antoni Nadal<br \/>\nMar\u00e7al Isern<br \/>\nPeter<br \/>\nXavier Riera<\/p>\n<p><strong>Galeria d&#8217;imatges<\/strong><\/p>\n<p>Juan Hern\u00e1ndez<br \/>\nAssociaci\u00f3 Pinyol Vermell de Sa Pobla<br \/>\nSim\u00f3 Tortella<br \/>\nCol\u00b7lectiu Cultural Sitja i Revista es Castellet de Bunyola<br \/>\nJaume Perell\u00f3<br \/>\nXim Valdivielso<br \/>\nJosep Ju\u00e1rez<br \/>\nMaria Ant\u00f2nia Oliver Par\u00eds<\/p>\n<p><strong>Biografies<\/strong><\/p>\n<p>Catalina Bover<br \/>\nMaria Barcel\u00f3<br \/>\nJaume Vallbona<br \/>\nLloren\u00e7 Buades<br \/>\nMargalida Bernat i Roca<br \/>\nBartomeu Gar\u00ed Salleres<br \/>\nMaria Ant\u00f2nia Oliver Par\u00eds<br \/>\nPere Manel Mulet<br \/>\nMar\u00e7al Isern<br \/>\nPep Delgado<br \/>\nMaria Oliver Bonet<br \/>\nXavier Margais<br \/>\nManel Su\u00e1rez<br \/>\nXavier Riera Ramis<br \/>\nTina Mu\u00f1oz<br \/>\nJoan Vallespir<\/p>\n<p><strong>Administraci\u00f3 i coordinaci\u00f3 general<\/strong><\/p>\n<p>Jaume Escales<\/p>\n<p><strong>Poble a poble<\/strong><\/p>\n<p>Antoni Mas<br \/>\nJaume Escales<\/p>\n<p><strong>Indrets de la mem\u00f2ria<\/strong><\/p>\n<p>Jaume Lafont<\/p>\n","protected":false},"excerpt":{"rendered":"<p>Companyes i companys que hi han aportat la seva col.laboraci\u00f3: Associaci\u00f3 per a la Recuperaci\u00f3 de la Mem\u00f2ria Hist\u00f2rica de &hellip; <a class=\"more-link\" href=\"https:\/\/memoriadelesilles.org\/wordpress\/credits\/\">M\u00e9s<\/a><\/p>\n","protected":false},"author":1,"featured_media":0,"parent":0,"menu_order":2,"comment_status":"closed","ping_status":"closed","template":"","meta":{"footnotes":""},"class_list":["post-7","page","type-page","status-publish","hentry",""],"_links":{"self":[{"href":"https:\/\/memoriadelesilles.org\/wordpress\/wp-json\/wp\/v2\/pages\/7","targetHints":{"allow":["GET"]}}],"collection":[{"href":"https:\/\/memoriadelesilles.org\/wordpress\/wp-json\/wp\/v2\/pages"}],"about":[{"href":"https:\/\/memoriadelesilles.org\/wordpress\/wp-json\/wp\/v2\/types\/page"}],"author":[{"embeddable":true,"href":"https:\/\/memoriadelesilles.org\/wordpress\/wp-json\/wp\/v2\/users\/1"}],"replies":[{"embeddable":true,"href":"https:\/\/memoriadelesilles.org\/wordpress\/wp-json\/wp\/v2\/comments?post=7"}],"version-history":[{"count":0,"href":"https:\/\/memoriadelesilles.org\/wordpress\/wp-json\/wp\/v2\/pages\/7\/revisions"}],"wp:attachment":[{"href":"https:\/\/memoriadelesilles.org\/wordpress\/wp-json\/wp\/v2\/media?parent=7"}],"curies":[{"name":"wp","href":"https:\/\/api.w.org\/{rel}","templated":true}]}}