{"id":6835,"date":"2022-04-07T18:50:55","date_gmt":"2022-04-07T18:50:55","guid":{"rendered":"https:\/\/memoriadelesilles.org\/wordpress\/?page_id=6835"},"modified":"2022-04-08T09:03:39","modified_gmt":"2022-04-08T09:03:39","slug":"que-feim","status":"publish","type":"page","link":"https:\/\/memoriadelesilles.org\/wordpress\/que-feim\/","title":{"rendered":"Qu\u00e8 feim?"},"content":{"rendered":"\n<p class=\"has-text-align-right has-vivid-red-color has-text-color has-x-large-font-size\" style=\"font-style:italic;font-weight:900\">30 de mar\u00e7 de 2022<\/p>\n\n\n\n<figure class=\"wp-block-image size-full\"><a href=\"https:\/\/www.dbalears.cat\/balears\/balears\/2022\/03\/30\/364539\/comencen-les-tasques-exhumacio-del-cementeri-sant-francesc-per-cercar-les-restes-les-victimes-mortals-del-penal-formentera.html\" target=\"_blank\" rel=\"noopener\"><img loading=\"lazy\" decoding=\"async\" width=\"1056\" height=\"205\" src=\"https:\/\/memoriadelesilles.org\/wordpress\/wp-content\/uploads\/2022\/03\/image-7.png\" alt=\"\" class=\"wp-image-6786\"\/><\/a><\/figure>\n\n\n\n<figure class=\"wp-block-image size-full is-resized\"><img loading=\"lazy\" decoding=\"async\" src=\"https:\/\/memoriadelesilles.org\/wordpress\/wp-content\/uploads\/2022\/03\/image-8.png\" alt=\"\" class=\"wp-image-6787\" width=\"839\" height=\"525\"\/><\/figure>\n\n\n\n<p class=\"has-text-align-right has-vivid-red-color has-text-color has-x-large-font-size\" style=\"font-style:italic;font-weight:900\">30 de mar\u00e7 de 2022<\/p>\n\n\n\n<p><strong>Avui la nostra companya M.Ant\u00f2nia Oliver , presidenta de Mem\u00f2ria de Mallorca i el nostre advocat i company Jaime Bueno han prsentat davant el Jutjat de Manacor les den\u00fancies per les victimes de Son Coletes i Porreres.Veritat,Just\u00edcia i Reparaci\u00f3.<\/strong><\/p>\n\n\n\n<div class=\"wp-block-jetpack-slideshow\" data-effect=\"slide\"><div class=\"wp-block-jetpack-slideshow_container swiper-container\"><ul class=\"wp-block-jetpack-slideshow_swiper-wrapper swiper-wrapper\"><li class=\"wp-block-jetpack-slideshow_slide swiper-slide\"><figure><img loading=\"lazy\" decoding=\"async\" width=\"1500\" height=\"2000\" alt=\"\" class=\"wp-block-jetpack-slideshow_image wp-image-6790\" data-id=\"6790\" src=\"https:\/\/memoriadelesilles.org\/wordpress\/wp-content\/uploads\/2022\/03\/presentacio_querella_manacor-1.jpg\"\/><\/figure><\/li><li class=\"wp-block-jetpack-slideshow_slide swiper-slide\"><figure><img loading=\"lazy\" decoding=\"async\" width=\"1500\" height=\"2000\" alt=\"\" class=\"wp-block-jetpack-slideshow_image wp-image-6791\" data-id=\"6791\" src=\"https:\/\/memoriadelesilles.org\/wordpress\/wp-content\/uploads\/2022\/03\/presentacio_querella_manacor2.jpg\"\/><\/figure><\/li><\/ul><a class=\"wp-block-jetpack-slideshow_button-prev swiper-button-prev swiper-button-white\" role=\"button\"><\/a><a class=\"wp-block-jetpack-slideshow_button-next swiper-button-next swiper-button-white\" role=\"button\"><\/a><a aria-label=\"Pause Slideshow\" class=\"wp-block-jetpack-slideshow_button-pause\" role=\"button\"><\/a><div class=\"wp-block-jetpack-slideshow_pagination swiper-pagination swiper-pagination-white\"><\/div><\/div><\/div>\n\n\n\n<p class=\"has-text-align-right has-vivid-purple-color has-text-color has-x-large-font-size\" style=\"font-style:italic;font-weight:900\">5 de mar\u00e7 de 2022<\/p>\n\n\n\n<p class=\"has-text-align-center has-vivid-red-color has-text-color\" style=\"font-size:25px;font-style:italic;font-weight:800\">Avui hem recordat, en la ruta de la mem\u00f2ria feminista antifeixista, les companyes que ens precediren en la seva lluita.<\/p>\n\n\n\n<figure class=\"wp-block-gallery has-nested-images columns-default is-cropped wp-block-gallery-1 is-layout-flex wp-block-gallery-is-layout-flex\">\n<figure class=\"wp-block-image size-full\"><img loading=\"lazy\" decoding=\"async\" width=\"1600\" height=\"1200\" data-id=\"6743\" src=\"http:\/\/memoriadelesilles.org\/wordpress\/wp-content\/uploads\/2022\/03\/NOSALTRES.jpeg\" alt=\"\" class=\"wp-image-6743\"\/><\/figure>\n\n\n\n<figure class=\"wp-block-image size-full\"><img loading=\"lazy\" decoding=\"async\" width=\"578\" height=\"625\" data-id=\"6749\" src=\"https:\/\/memoriadelesilles.org\/wordpress\/wp-content\/uploads\/2022\/03\/OFRENA_r1.jpeg\" alt=\"\" class=\"wp-image-6749\"\/><\/figure>\n\n\n\n<figure class=\"wp-block-image size-full\"><img loading=\"lazy\" decoding=\"async\" width=\"1765\" height=\"1324\" data-id=\"6744\" src=\"http:\/\/memoriadelesilles.org\/wordpress\/wp-content\/uploads\/2022\/03\/AURORA_PICORNELL.jpeg\" alt=\"\" class=\"wp-image-6744\"\/><figcaption><strong>Aurora Picornell <\/strong><\/figcaption><\/figure>\n\n\n\n<figure class=\"wp-block-image size-large\"><img loading=\"lazy\" decoding=\"async\" width=\"1698\" height=\"1351\" data-id=\"6741\" src=\"https:\/\/memoriadelesilles.org\/wordpress\/wp-content\/uploads\/2022\/03\/CATALINA_FLAQUER.jpeg\" alt=\"\" class=\"wp-image-6741\"\/><figcaption><strong>Catalina Flaquer<\/strong><\/figcaption><\/figure>\n\n\n\n<figure class=\"wp-block-image size-large\"><img loading=\"lazy\" decoding=\"async\" width=\"1200\" height=\"1600\" data-id=\"6745\" src=\"https:\/\/memoriadelesilles.org\/wordpress\/wp-content\/uploads\/2022\/03\/JUANA_BANO.jpeg\" alt=\"\" class=\"wp-image-6745\"\/><figcaption><strong>Joana Ba\u00f1o<\/strong><\/figcaption><\/figure>\n\n\n\n<figure class=\"wp-block-image size-large\"><img loading=\"lazy\" decoding=\"async\" width=\"1657\" height=\"1278\" data-id=\"6747\" src=\"https:\/\/memoriadelesilles.org\/wordpress\/wp-content\/uploads\/2022\/03\/MARIA_PASCUAL.jpeg\" alt=\"\" class=\"wp-image-6747\"\/><figcaption><strong>Maria Pascual<\/strong><\/figcaption><\/figure>\n\n\n\n<figure class=\"wp-block-image size-full\"><img loading=\"lazy\" decoding=\"async\" width=\"1439\" height=\"1918\" data-id=\"6746\" src=\"http:\/\/memoriadelesilles.org\/wordpress\/wp-content\/uploads\/2022\/03\/BELARMINA_GONZALEZ.jpeg\" alt=\"\" class=\"wp-image-6746\"\/><figcaption><strong>Belarmina Gonz\u00e1lez<\/strong><\/figcaption><\/figure>\n\n\n\n<figure class=\"wp-block-image size-full\"><img loading=\"lazy\" decoding=\"async\" width=\"2048\" height=\"1779\" data-id=\"6742\" src=\"http:\/\/memoriadelesilles.org\/wordpress\/wp-content\/uploads\/2022\/03\/PILAR_SANCHEZ.jpeg\" alt=\"\" class=\"wp-image-6742\"\/><figcaption><strong>Pilar S\u00e1nchez<\/strong><\/figcaption><\/figure>\n\n\n\n<figure class=\"wp-block-image size-full\"><img loading=\"lazy\" decoding=\"async\" width=\"1671\" height=\"1433\" data-id=\"6740\" src=\"http:\/\/memoriadelesilles.org\/wordpress\/wp-content\/uploads\/2022\/03\/ANTONIA_PASCUAL.jpeg\" alt=\"\" class=\"wp-image-6740\"\/><figcaption><strong>Ant\u00f2nia Pascual<\/strong><\/figcaption><\/figure>\n<\/figure>\n\n\n\n<p class=\"has-text-align-right has-vivid-purple-color has-text-color has-x-large-font-size\" style=\"font-style:italic;font-weight:900\">28 de febrer de 2022<\/p>\n\n\n\n<figure class=\"wp-block-image size-full\"><a href=\"https:\/\/www.illaglobal.com\/opinion\/maria-antonia-oliver-paris\/memoria-mallorca-interposa-denuncies\/20220228214701002787.html\" target=\"_blank\" rel=\"noopener\"><img loading=\"lazy\" decoding=\"async\" width=\"938\" height=\"350\" src=\"https:\/\/memoriadelesilles.org\/wordpress\/wp-content\/uploads\/2022\/03\/image-5.png\" alt=\"\" class=\"wp-image-6731\"\/><\/a><\/figure>\n\n\n\n<p class=\"has-text-align-right has-vivid-purple-color has-text-color has-x-large-font-size\" style=\"font-style:italic;font-weight:900\">25 de febrer de 2022<\/p>\n\n\n\n<p class=\"has-text-align-center has-vivid-red-color has-text-color has-large-font-size\" style=\"font-style:italic;font-weight:800\">Mem\u00f2ria de Mallorca presenta den\u00fancies per crims contra la humanitat<\/p>\n\n\n\n<div class=\"wp-block-media-text alignwide is-stacked-on-mobile\"><figure class=\"wp-block-media-text__media\"><a href=\"https:\/\/www.publico.es\/politica\/victimas-franquismo-presentan-justicia-seis-denuncias-doscientos-asesinados-mallorca.html\" target=\"_blank\" rel=\"noopener\"><img loading=\"lazy\" decoding=\"async\" width=\"991\" height=\"660\" src=\"https:\/\/memoriadelesilles.org\/wordpress\/wp-content\/uploads\/2022\/03\/IMATGE_DENUNCIES.png\" alt=\"\" class=\"wp-image-6725 size-full\"\/><\/a><\/figure><div class=\"wp-block-media-text__content\">\n<p class=\"has-medium-font-size\"><strong><a href=\"https:\/\/www.publico.es\/politica\/victimas-franquismo-presentan-justicia-seis-denuncias-doscientos-asesinados-mallorca.html\" target=\"_blank\" rel=\"noreferrer noopener\">V\u00edctimas del franquismo presentan ante la Justicia seis denuncias por m\u00e1s de doscientos asesinados en Mallorca<\/a><\/strong><\/p>\n\n\n\n<figure class=\"wp-block-image size-full\"><img loading=\"lazy\" decoding=\"async\" width=\"217\" height=\"63\" src=\"https:\/\/memoriadelesilles.org\/wordpress\/wp-content\/uploads\/2022\/03\/image.png\" alt=\"\" class=\"wp-image-6726\"\/><figcaption><mark style=\"background-color:rgba(0, 0, 0, 0)\" class=\"has-inline-color has-vivid-red-color\">Diario P\u00fablico<\/mark><\/figcaption><\/figure>\n<\/div><\/div>\n\n\n\n<div class=\"wp-block-columns is-layout-flex wp-container-core-columns-is-layout-9d6595d7 wp-block-columns-is-layout-flex\">\n<div class=\"wp-block-column is-layout-flow wp-block-column-is-layout-flow\">\n<figure class=\"wp-block-image size-full is-resized\"><a href=\"https:\/\/www.diariodemallorca.es\/mallorca\/2022\/02\/25\/memoria-mallorca-presenta-denuncias-crimenes-63135098.html\" target=\"_blank\" rel=\"noopener\"><img loading=\"lazy\" decoding=\"async\" src=\"https:\/\/memoriadelesilles.org\/wordpress\/wp-content\/uploads\/2022\/03\/image-2.png\" alt=\"\" class=\"wp-image-6728\" width=\"285\" height=\"302\"\/><\/a><\/figure>\n<\/div>\n\n\n\n<div class=\"wp-block-column is-layout-flow wp-block-column-is-layout-flow\">\n<figure class=\"wp-block-image size-full\"><a href=\"https:\/\/www.ultimahora.es\/noticias\/local\/2022\/02\/25\/1703869\/memoria-mallorca-denuncia-230-asesinatos-franquistas.html\" target=\"_blank\" rel=\"noopener\"><img loading=\"lazy\" decoding=\"async\" width=\"548\" height=\"805\" src=\"https:\/\/memoriadelesilles.org\/wordpress\/wp-content\/uploads\/2022\/03\/image-3.png\" alt=\"\" class=\"wp-image-6729\"\/><\/a><\/figure>\n<\/div>\n\n\n\n<div class=\"wp-block-column is-layout-flow wp-block-column-is-layout-flow\">\n<figure class=\"wp-block-image size-full\"><img loading=\"lazy\" decoding=\"async\" width=\"331\" height=\"525\" src=\"https:\/\/memoriadelesilles.org\/wordpress\/wp-content\/uploads\/2022\/03\/image-4.png\" alt=\"\" class=\"wp-image-6730\"\/><\/figure>\n<\/div>\n<\/div>\n","protected":false},"excerpt":{"rendered":"<p>30 de mar\u00e7 de 2022 30 de mar\u00e7 de 2022 Avui la nostra companya M.Ant\u00f2nia Oliver , presidenta de Mem\u00f2ria &hellip; <a class=\"more-link\" href=\"https:\/\/memoriadelesilles.org\/wordpress\/que-feim\/\">M\u00e9s<\/a><\/p>\n","protected":false},"author":2,"featured_media":0,"parent":0,"menu_order":0,"comment_status":"closed","ping_status":"closed","template":"","meta":{"footnotes":""},"class_list":["post-6835","page","type-page","status-publish","hentry",""],"_links":{"self":[{"href":"https:\/\/memoriadelesilles.org\/wordpress\/wp-json\/wp\/v2\/pages\/6835","targetHints":{"allow":["GET"]}}],"collection":[{"href":"https:\/\/memoriadelesilles.org\/wordpress\/wp-json\/wp\/v2\/pages"}],"about":[{"href":"https:\/\/memoriadelesilles.org\/wordpress\/wp-json\/wp\/v2\/types\/page"}],"author":[{"embeddable":true,"href":"https:\/\/memoriadelesilles.org\/wordpress\/wp-json\/wp\/v2\/users\/2"}],"replies":[{"embeddable":true,"href":"https:\/\/memoriadelesilles.org\/wordpress\/wp-json\/wp\/v2\/comments?post=6835"}],"version-history":[{"count":0,"href":"https:\/\/memoriadelesilles.org\/wordpress\/wp-json\/wp\/v2\/pages\/6835\/revisions"}],"wp:attachment":[{"href":"https:\/\/memoriadelesilles.org\/wordpress\/wp-json\/wp\/v2\/media?parent=6835"}],"curies":[{"name":"wp","href":"https:\/\/api.w.org\/{rel}","templated":true}]}}