{"id":6717,"date":"2022-03-04T12:00:28","date_gmt":"2022-03-04T12:00:28","guid":{"rendered":"https:\/\/memoriadelesilles.org\/wordpress\/?page_id=6717"},"modified":"2025-12-20T10:24:05","modified_gmt":"2025-12-20T10:24:05","slug":"inici","status":"publish","type":"page","link":"https:\/\/memoriadelesilles.org\/wordpress\/","title":{"rendered":"Premi Pere Capell\u00e0 a la Mem\u00f2ria Democ\u00e0tica i Educaci\u00f3."},"content":{"rendered":"\n<figure class=\"wp-block-image size-full is-resized\"><img loading=\"lazy\" decoding=\"async\" width=\"184\" height=\"139\" src=\"https:\/\/memoriadelesilles.org\/wordpress\/wp-content\/uploads\/2025\/11\/image-9.png\" alt=\"\" class=\"wp-image-7611\" style=\"width:126px;height:auto\"\/><\/figure>\n\n\n\n<figure class=\"wp-block-image size-full is-resized\"><img loading=\"lazy\" decoding=\"async\" width=\"300\" height=\"335\" src=\"https:\/\/memoriadelesilles.org\/wordpress\/wp-content\/uploads\/2025\/11\/image-10.png\" alt=\"\" class=\"wp-image-7612\" style=\"width:490px;height:auto\" srcset=\"https:\/\/memoriadelesilles.org\/wordpress\/wp-content\/uploads\/2025\/11\/image-10.png 300w, https:\/\/memoriadelesilles.org\/wordpress\/wp-content\/uploads\/2025\/11\/image-10-269x300.png 269w\" sizes=\"auto, (max-width: 300px) 100vw, 300px\" \/><\/figure>\n\n\n\n<p><strong>COMUNICAT <br><em>Mem\u00f2ria de Mallorca alerta d&#8217;una greu mancan\u00e7a normativa en l\u2019ensenyament de la repressi\u00f3 franquista i presenta el Premi PERE CAPELL\u00c0 de Mem\u00f2ria Democr\u00e0tica i Educaci\u00f3.<\/em><\/strong><\/p>\n\n\n\n<p>Coincidint amb el 50\u00e8 aniversari de la mort del dictador Franco, l&#8217;Associaci\u00f3 Mem\u00f2ria de Mallorca den\u00fancia p\u00fablicament una mancan\u00e7a greu en la normativa educativa vigent que afecta el fet que l\u2019alumnat d\u2019ESO no estudi\u00ef adequadament la dictadura i la repressi\u00f3 franquista.<\/p>\n\n\n\n<p>Malgrat que existeix un mandat legal d\u2019incloure la mem\u00f2ria democr\u00e0tica, el franquisme i la repressi\u00f3 en el curr\u00edculum escolar, aquest prov\u00e9 de la Llei estatal de Mem\u00f2ria Democr\u00e0tica (2022) i no de la LOMLOE, \u00e9s a dir, de la llei estatal d&#8217;educaci\u00f3. A m\u00e9s, segons el Reial decret estatal 217\/2022, que estableix els ensenyaments m\u00ednims, no hi ha cap obligatorietat expl\u00edcita d\u2019incloure la dictadura franquista com a saber b\u00e0sic a l\u2019ESO. La menci\u00f3 del franquisme queda situada al curr\u00edculum de Batxillerat, fet que pot comportar que una part important de l&#8217;alumnat no tracti aquest per\u00edode en la seva formaci\u00f3 obligat\u00f2ria, ni tampoc a la Formaci\u00f3 Professional.<\/p>\n\n\n\n<p>Aquesta situaci\u00f3 pot ser corregida per les comunitats aut\u00f2nomes, que tenen capacitat per introduir aquest contingut en els seus propis curr\u00edculums. Tanmateix, aix\u00f2 dep\u00e8n exclusivament de la voluntat pol\u00edtica de cada govern auton\u00f2mic. La Conselleria d&#8217;Educaci\u00f3 de l&#8217;actual Govern de les Illes Balears ha argumentat que l&#8217;abs\u00e8ncia del franquisme a l\u2019ESO respon a la interpretaci\u00f3 del decret estatal, que l\u2019ubica en l&#8217;etapa postobligat\u00f2ria.<\/p>\n\n\n\n<p>Amb aquest panorama, i despr\u00e9s de reunir-nos amb docents i sindicats d&#8217;ensenyament i revisar l\u2019hemeroteca, constatem que hi ha una cr\u00edtica generalitzada a aquest decret per l\u2019omissi\u00f3 de la repressi\u00f3 franquista i per la manca d\u2019una menci\u00f3 expl\u00edcita del franquisme en l&#8217;etapa obligat\u00f2ria. Aquesta abs\u00e8ncia normativa pot derivar en una formaci\u00f3 incompleta i en la p\u00e8rdua de valors democr\u00e0tics essencials.<\/p>\n\n\n\n<p>Davant aquesta realitat, i fidels al nostre comprom\u00eds de defensa de la mem\u00f2ria democr\u00e0tica, Mem\u00f2ria de Mallorca presenta avui una nova iniciativa destinada a refor\u00e7ar la transmissi\u00f3 cr\u00edtica del nostre passat recent a les generacions m\u00e9s joves. Es tracta d\u2019un premi destinat a l&#8217;alumnat dels centres escolars de les Illes Balears, elaborat amb l&#8217;assessorament d\u2019un grup de docents i experts en la mat\u00e8ria, un premi anual que es desenvolupar\u00e0 per primera vegada el proper curs (2026-2027):&nbsp;&nbsp;<\/p>\n\n\n\n<p><strong>Premi Pere Capell\u00e0 a la Mem\u00f2ria Democr\u00e0tica i l&#8217;Educaci\u00f3&nbsp;<\/strong>(curs 2026-2027)<\/p>\n\n\n\n<p><em>(A continuaci\u00f3, teniu el document del Premi&nbsp;amb les seves bases i tota la informaci\u00f3 i un enlla\u00e7 a la biografia de Pere Capell\u00e0 i Roca, el mestre, dramaturg i v\u00edctima del franquisme que dona nom al Premi, aix\u00ed com tamb\u00e9 unes fotografies de la Jornada de Mem\u00f2ria i Educaci\u00f3 que va organitzar l&#8217;Associaci\u00f3 el passat 27 de setembre. D&#8217;aquest jornada va sorgit&nbsp;el grup de treball format per membres de Mem\u00f2ria de Mallorca, docents i persones expertes en la mat\u00e8ria que han desenvolupat la iniciativa que presentam)&nbsp;<\/em><\/p>\n\n\n\n<p class=\"has-text-align-left\"><strong>&nbsp;&nbsp;&nbsp;&nbsp;&nbsp;&nbsp;&nbsp;&nbsp;&nbsp; Premi PERE CAPELL\u00c0<a href=\"#_ftn1\" id=\"_ftnref1\"><strong>[1]<\/strong><\/a> de Mem\u00f2ria Democr\u00e0tica i Educaci\u00f3.<\/strong><\/p>\n\n\n\n<p class=\"has-text-align-left\"><strong> &nbsp;<\/strong><\/p>\n\n\n\n<p class=\"has-text-align-center\"><\/p>\n\n\n\n<p><em>(edici\u00f3 anual)<\/em><\/p>\n\n\n\n<p><strong>BASES:<\/strong><\/p>\n\n\n\n<p><strong>1. Objectiu.<\/strong><\/p>\n\n\n\n<p>El premi t\u00e9 com a finalitat la recuperaci\u00f3 de la hist\u00f2ria de la repressi\u00f3 franquista durant el cop d\u2019estat, la guerra civil i la dictadura franquista i la transici\u00f3 a Mallorca, i a l\u2019hora fomentar la reflexi\u00f3 cr\u00edtica, la recerca hist\u00f2rica i l\u2019expressi\u00f3 art\u00edstica al voltant de la <strong>mem\u00f2ria democr\u00e0tica<\/strong>, contribuint a la transmissi\u00f3 de valors com la just\u00edcia, la llibertat, la pau i el respecte als drets humans.<\/p>\n\n\n\n<p><strong>2. Participants.<\/strong><\/p>\n\n\n\n<p>Pot participar <strong>l\u2019alumnat d\u2019ESO, Batxillerat i Formaci\u00f3 Professional<\/strong> de centres educatius del territori que convoqui el premi (Mallorca), extensible a les altres illes, de manera individual o en grup (m\u00e0xim 4 membres).<\/p>\n\n\n\n<p><strong>3. Modalitats.<\/strong><\/p>\n\n\n\n<p>Els treballs es poden presentar en qualsevol de les modalitats seg\u00fcents:<\/p>\n\n\n\n<ul class=\"wp-block-list\">\n<li><strong>Recerca escrita<\/strong>: treballs d\u2019investigaci\u00f3 hist\u00f2rica, period\u00edstica o social.<\/li>\n\n\n\n<li><strong>Creaci\u00f3 liter\u00e0ria<\/strong>: relats, microrelats, &nbsp;poesia, dietaris, c\u00f2mics.<\/li>\n\n\n\n<li><strong>Dramatitzaci\u00f3: <\/strong>teatre, mon\u00f2legs, performances, lectures dramatitzades.<\/li>\n\n\n\n<li><strong>Creaci\u00f3 musical<\/strong>: composicions instrumentals musicals amb o sense lletra, coreografies de dansa moderna o cl\u00e0ssica o de ball mallorqu\u00ed.<\/li>\n\n\n\n<li><strong>Treballs art\u00edstics<\/strong>: fotografia, pintura, escultura, audiovisual.<\/li>\n<\/ul>\n\n\n\n<p><em>(Els i les participants poden proposar altres formats creatius, sempre que estiguin vinculats a la tem\u00e0tica del premi.)<\/em><\/p>\n\n\n\n<p><strong>4. Tem\u00e0tica.<\/strong><\/p>\n\n\n\n<p>Els treballs hauran de centrar-se en aspectes relacionats amb la mem\u00f2ria democr\u00e0tica, com ara:<\/p>\n\n\n\n<ul class=\"wp-block-list\">\n<li>La recuperaci\u00f3 de la mem\u00f2ria hist\u00f2rica.<\/li>\n\n\n\n<li>Testimonis de la repressi\u00f3, l\u2019exili i la resist\u00e8ncia.<\/li>\n\n\n\n<li>La repressi\u00f3 franquista contra la dona.<\/li>\n\n\n\n<li>La repressi\u00f3 franquista contra els docents i l\u2019ensenyament lliure.<\/li>\n\n\n\n<li>La repressi\u00f3 franquista contra la classe pol\u00edtica. &nbsp;<\/li>\n\n\n\n<li>La repressi\u00f3 franquista contra la llengua i la cultura.<\/li>\n\n\n\n<li>La repressi\u00f3 franquista contra la classe obrera.<\/li>\n\n\n\n<li>Hist\u00f2ries locals vinculades a la lluites per la democr\u00e0cia i pels drets humans.<\/li>\n\n\n\n<li>Valors de conviv\u00e8ncia, llibertat i just\u00edcia social.<\/li>\n<\/ul>\n\n\n\n<p><strong>5. Presentaci\u00f3 de treballs.<\/strong><\/p>\n\n\n\n<ul class=\"wp-block-list\">\n<li>Els treballs s\u2019han de presentar en la llengua pr\u00f2pia de les Illes Balears. &nbsp;<\/li>\n<\/ul>\n\n\n\n<ul class=\"wp-block-list\">\n<li>Els treballs escrits s\u2019hauran de presentar en format digital, en PDF, amb un m\u00ednim de p\u00e0gines de 20 i m\u00e0xim 50 inclosos els annexos i la bibliografia, en format Arial 11, interlineat senzill, s&#8217;ha de presentar un recull de totes les fonts, la bibliografia i les fonts orals emprades, (la biblioteca de la Universitat de les Illes Balears ofereix en format digital una guia per citar i referenciar bibliografia de forma correcte).<\/li>\n\n\n\n<li>Les creacions esc\u00e8niques o musicals es presentaran amb enregistrament en v\u00eddeo (m\u00e0xim 10 minuts).<\/li>\n\n\n\n<li><a>Els treballs art\u00edstics (fotografia, pintura, exposici\u00f3, escultura, instal\u00b7laci\u00f3)<\/a> hauran d\u2019anar acompanyats d\u2019una breu mem\u00f2ria explicativa.<\/li>\n\n\n\n<li>Cada treball haur\u00e0 d\u2019anar acompanyat d\u2019una fitxa amb les dades de l\u2019autor\/a(s), curs, centre i tutor\/a.<\/li>\n<\/ul>\n\n\n\n<p><strong>6. Termini.<\/strong><\/p>\n\n\n\n<p>El termini de presentaci\u00f3 restar\u00e0 obert fins al dia <strong>de 7 de mar\u00e7 de 2027<\/strong>.<\/p>\n\n\n\n<p><strong>7. Registre.<\/strong><\/p>\n\n\n\n<p>Els treballs &nbsp;s\u2019hauran de registrar a la seg\u00fcent adre\u00e7a electr\u00f2nica de L\u2019Associaci\u00f3 Mem\u00f2ria de Mallorca: <a href=\"mailto:memoriaieducacio@gmail.com\"><strong>memoriaieducacio@gmail.com<\/strong><\/a> , amb l\u2019assumpte: <strong>Treball Premi 26-27.<\/strong><\/p>\n\n\n\n<p><a><strong>8. Jurat.<\/strong><\/a><\/p>\n\n\n\n<p>El jurat estar\u00e0 format per professionals de l\u2019\u00e0mbit educatiu, especialistes en mem\u00f2ria democr\u00e0tica, hist\u00f2ria, art, dret i drets humans, aix\u00ed com per representants de l\u2019entitat convocant, \u00e9s a dir per l\u2019Associaci\u00f3 Mem\u00f2ria de Mallorca, els membres que composaran la taula del jurat seran anomenats per dita entitat.<\/p>\n\n\n\n<p><strong>9. Premis.<\/strong><\/p>\n\n\n\n<p>S\u2019establiran premis per els diferents nivells (ESO \/ Batxillerat\/Formaci\u00f3 Professional). El jurat podr\u00e0 concedir acc\u00e8ssits si ho considera oport\u00fa.<br>Els premis consistiran en <strong>un diploma emmarcat, la publicaci\u00f3 dels treballs premiats a la web de l\u2019Associaci\u00f3 Mem\u00f2ria de Mallorca, llibres envers la tem\u00e0tica (per l\u2019alumnat, els docents i els centres educatius ), experi\u00e8ncies formatives o visites guiades a espais de mem\u00f2ria i<\/strong> <strong>el reconeixement p\u00fablic a un acte oficial de lliurament.<\/strong><\/p>\n\n\n\n<p><strong>10. Data de l\u2019acte de lliurament.<\/strong><\/p>\n\n\n\n<p>Els lliuraments dels premis es celebraran el primer <strong>dissabte consecutiu al 14 d\u2019abril<\/strong>, (data commemorativa de la Proclamaci\u00f3 de la II Rep\u00fablica), a un acte solemne que ser\u00e0 publicitat amb antelaci\u00f3.<\/p>\n\n\n\n<p><strong>11. Difusi\u00f3.<\/strong><\/p>\n\n\n\n<p>Els treballs guanyadors seran difosos a trav\u00e9s de la web i canals de comunicaci\u00f3 de l\u2019entitat convocant i podran formar part d\u2019exposicions, publicacions o mostres obertes al p\u00fablic.<\/p>\n\n\n\n<p><strong>12. Acceptaci\u00f3 de les bases.<\/strong><\/p>\n\n\n\n<p>La participaci\u00f3 en el premi implica l\u2019acceptaci\u00f3 d\u2019aquestes bases.<\/p>\n\n\n\n<hr class=\"wp-block-separator has-alpha-channel-opacity\"\/>\n\n\n\n<p><a href=\"#_ftnref1\" id=\"_ftn1\">[1]<\/a> <strong>Pere Capell\u00e0 Roca. &nbsp;<em>Arrels Democr\u00e0tiques: <\/em>&nbsp;( <\/strong><a href=\"https:\/\/arrelsdemocratiques.org\/pere-capella-roca\/\"><strong>https:\/\/arrelsdemocratiques.org\/pere-capella-roca\/<\/strong><\/a><strong>)<\/strong><\/p>\n\n\n\n<p><strong><em>Associaci\u00f3 d\u2019Escriptors en Llengua Catalana<\/em>: ( <\/strong><a href=\"https:\/\/www.escriptors.cat\/autors\/capellap\/biografia\"><strong>https:\/\/www.escriptors.cat\/autors\/capellap\/biografia<\/strong><\/a><strong> )<\/strong><\/p>\n\n\n\n<p><\/p>\n\n\n\n<hr class=\"wp-block-separator has-text-color has-black-color has-css-opacity has-black-background-color has-background is-style-wide\"\/>\n\n\n\n<hr class=\"wp-block-separator has-text-color has-black-color has-css-opacity has-black-background-color has-background is-style-wide\"\/>\n\n\n<div class=\"wp-block-image\">\n<figure class=\"aligncenter size-full\"><a href=\"http:\/\/memoriadelesilles.org\/wordpress\/wp-content\/uploads\/2024\/07\/ESTUDI_-PERSONES-ENCAUSADES-1936_1940-1.pdf\" target=\"_blank\" rel=\"noopener\"><img loading=\"lazy\" decoding=\"async\" width=\"608\" height=\"856\" src=\"http:\/\/memoriadelesilles.org\/wordpress\/wp-content\/uploads\/2024\/07\/PORTADA_TOTES_LES_CAUSES.jpg\" alt=\"\" class=\"wp-image-7561\" srcset=\"https:\/\/memoriadelesilles.org\/wordpress\/wp-content\/uploads\/2024\/07\/PORTADA_TOTES_LES_CAUSES.jpg 608w, https:\/\/memoriadelesilles.org\/wordpress\/wp-content\/uploads\/2024\/07\/PORTADA_TOTES_LES_CAUSES-213x300.jpg 213w, https:\/\/memoriadelesilles.org\/wordpress\/wp-content\/uploads\/2024\/07\/PORTADA_TOTES_LES_CAUSES-560x788.jpg 560w\" sizes=\"auto, (max-width: 608px) 100vw, 608px\" \/><\/a><\/figure>\n<\/div>\n\n\n<hr class=\"wp-block-separator has-alpha-channel-opacity is-style-wide\"\/>\n\n\n\n<div class=\"wp-block-media-text is-stacked-on-mobile\" style=\"grid-template-columns:15% auto\"><figure class=\"wp-block-media-text__media\"><img loading=\"lazy\" decoding=\"async\" width=\"512\" height=\"512\" src=\"http:\/\/memoriadelesilles.org\/wordpress\/wp-content\/uploads\/2022\/03\/logo.jpg\" alt=\"\" class=\"wp-image-6711 size-full\"\/><\/figure><div class=\"wp-block-media-text__content\">\n<p class=\"has-text-align-center has-black-color has-text-color has-link-color wp-elements-c37ecc38dbfbad989352bc13c499d6d9\" style=\"font-size:26px\">ATENCI\u00d3 PSICOSOCIOL\u00d2GICA A FAMILIARS DE V\u00cdCTIMES DEL FRANQUISME<\/p>\n<\/div><\/div>\n\n\n\n<p>Consideram necessari donar difusi\u00f3 a aquest servei gratu\u00eft ofertat pel Govern Balear dins el IV Pla de fosses i d\u2019acord amb lA llei de Mem\u00f2ria Democr\u00e0tica i la Llei de Fosses.<\/p>\n\n\n\n<p>Si ets familiar d\u2019alguna v\u00edctima de la Guerra Civil i del franquisme o coneixes alg\u00fa (ve\u00efnats i ve\u00efnades, familiars, amics i amigues, &#8230;) que poden ser-ho recomanam us poseu en contacte amb la nostra associaci\u00f3 al @mail: <a href=\"mailto:tempsdelamemoria@gmail.com\">tempsdelamemoria@gmail.com<\/a> i us podrem informar de com rebre atenci\u00f3 psicosociol\u00f2gica si ho considerau.<\/p>\n\n\n\n<hr class=\"wp-block-separator has-text-color has-black-color has-css-opacity has-black-background-color has-background is-style-wide\"\/>\n\n\n\n<div class=\"wp-block-columns is-layout-flex wp-container-core-columns-is-layout-9d6595d7 wp-block-columns-is-layout-flex\">\n<div class=\"wp-block-column is-layout-flow wp-block-column-is-layout-flow\" style=\"flex-basis:50%\"><\/div>\n\n\n\n<div class=\"wp-block-column is-layout-flow wp-block-column-is-layout-flow\" style=\"flex-basis:50%\"><\/div>\n<\/div>\n","protected":false},"excerpt":{"rendered":"<p>COMUNICAT Mem\u00f2ria de Mallorca alerta d&#8217;una greu mancan\u00e7a normativa en l\u2019ensenyament de la repressi\u00f3 franquista i presenta el Premi PERE &hellip; <a class=\"more-link\" href=\"https:\/\/memoriadelesilles.org\/wordpress\/\">M\u00e9s<\/a><\/p>\n","protected":false},"author":2,"featured_media":6725,"parent":0,"menu_order":0,"comment_status":"closed","ping_status":"closed","template":"","meta":{"footnotes":""},"class_list":["post-6717","page","type-page","status-publish","has-post-thumbnail","hentry",""],"_links":{"self":[{"href":"https:\/\/memoriadelesilles.org\/wordpress\/wp-json\/wp\/v2\/pages\/6717","targetHints":{"allow":["GET"]}}],"collection":[{"href":"https:\/\/memoriadelesilles.org\/wordpress\/wp-json\/wp\/v2\/pages"}],"about":[{"href":"https:\/\/memoriadelesilles.org\/wordpress\/wp-json\/wp\/v2\/types\/page"}],"author":[{"embeddable":true,"href":"https:\/\/memoriadelesilles.org\/wordpress\/wp-json\/wp\/v2\/users\/2"}],"replies":[{"embeddable":true,"href":"https:\/\/memoriadelesilles.org\/wordpress\/wp-json\/wp\/v2\/comments?post=6717"}],"version-history":[{"count":80,"href":"https:\/\/memoriadelesilles.org\/wordpress\/wp-json\/wp\/v2\/pages\/6717\/revisions"}],"predecessor-version":[{"id":7613,"href":"https:\/\/memoriadelesilles.org\/wordpress\/wp-json\/wp\/v2\/pages\/6717\/revisions\/7613"}],"wp:featuredmedia":[{"embeddable":true,"href":"https:\/\/memoriadelesilles.org\/wordpress\/wp-json\/wp\/v2\/media\/6725"}],"wp:attachment":[{"href":"https:\/\/memoriadelesilles.org\/wordpress\/wp-json\/wp\/v2\/media?parent=6717"}],"curies":[{"name":"wp","href":"https:\/\/api.w.org\/{rel}","templated":true}]}}