{"id":3527,"date":"2012-07-16T21:17:24","date_gmt":"2012-07-16T21:17:24","guid":{"rendered":"http:\/\/www.memoriadelesilles.org\/wordpress\/?page_id=3527"},"modified":"2022-02-22T22:00:30","modified_gmt":"2022-02-22T22:00:30","slug":"documentals-memoria-i-oblit-duna-guerra","status":"publish","type":"page","link":"https:\/\/memoriadelesilles.org\/wordpress\/documentals-memoria-i-oblit-duna-guerra\/","title":{"rendered":"Documentals &#8220;Mem\u00f2ria i Oblit d&#8217;una Guerra&#8221;"},"content":{"rendered":"<h1><strong>Mem\u00f2ria i Oblit d&#8217;una Guerra<\/strong><\/h1>\n<p>Mem\u00f2ria i oblit es constitueix en la primera compilaci\u00f3 audiovisual dels esdeveniments i els testimonis que ha deixat la Guerra Civil a Mallorca. Compta amb la participaci\u00f3 d\u2019historiadors i investigadors com Josep Massot i Muntaner, Lloren\u00e7 Capell\u00e0, Manel Su\u00e1rez, David Ginard, Bartomeu Gar\u00ed i Miquel Duran entre d\u2019altres, i amb col.laboracions de prestigi com la de l\u2019hispanista Paul Preston.<\/p>\n<p>I l\u2019esfor\u00e7 de la producci\u00f3 s\u2019ha plasmat en la recollida d\u2019imatges de diferents arxius audiovisuals d\u2019\u00e8poca com el NO-DO, L\u2019Instituto Luce d\u2019It\u00e0lia, o l\u2019Arxiu de la Imatge i el So del Consell de Mallorca, aix\u00ed com arxius privats com els de la biblioteca March i el de Miquel Font&#8230;<\/p>\n<p>La s\u00e8rie anir\u00e0 fent una repassada dels esdeveniments m\u00e9s rellevants entorn a la data del 18 de juliol de 1936, i els fets que es desfermaren arreu de Mallorca despr\u00e9s de l\u2019esclat de la Guerra Civil. Aix\u00ed, durant els 26 episodis setmanals seran d\u2019especial inter\u00e8s els successos a Manacor, Felanitx, Pollen\u00e7a, Porreres o Palma, tots ells amb el suport de testimonis presencials dels fets, alguns d\u2019ells ja desapareguts, i per tant d\u2019un valor testimonial incalculable.<\/p>\n<div id=\"description\">\n<p>&#8220;Mem\u00f2ria i oblit d&#8217;una guerra&#8221; conta la hist\u00f2ria de la Guerra Civil espanyola a Mallorca.<br \/>Aquest programa produ\u00eft per Cin\u00e8tica Produccions per a TV Mallorca, es divideix en tres temporadas amb tretze cap\u00edtols de trenta minuts de durada on hi participen historiadors i investigadors com Josep Massot i Muntaner, Lloren\u00e7 Capell\u00e0 i Miquel Duran entre altres, i amb col\u00b7laboracions de prestigi com la de l&#8217;hispanista Paul Preston.<\/p>\n<p>El 2008, la s\u00e8rie documental &#8220;Mem\u00f2ria i oblit d&#8217;una guerra&#8221;, obtingu\u00e9 el Premi Miquel dels Sants Oliver als Premis 31 de desembre de l&#8217;Obra Cultural Balear.<\/p>\n<p>Podreu veure els v\u00eddeos en el seg\u00fcent enlla\u00e7:<\/p>\n<\/div>\n<p><a href=\"https:\/\/ib3.org\/memoriaioblit\" target=\"_blank\" rel=\"noopener\">https:\/\/ib3.org\/memoriaioblit<\/a><\/p>\n\n\n<p><\/p>\n","protected":false},"excerpt":{"rendered":"<p>Mem\u00f2ria i Oblit d&#8217;una Guerra Mem\u00f2ria i oblit es constitueix en la primera compilaci\u00f3 audiovisual dels esdeveniments i els testimonis &hellip; <a class=\"more-link\" href=\"https:\/\/memoriadelesilles.org\/wordpress\/documentals-memoria-i-oblit-duna-guerra\/\">M\u00e9s<\/a><\/p>\n","protected":false},"author":1,"featured_media":0,"parent":0,"menu_order":0,"comment_status":"closed","ping_status":"closed","template":"","meta":{"footnotes":""},"class_list":["post-3527","page","type-page","status-publish","hentry",""],"_links":{"self":[{"href":"https:\/\/memoriadelesilles.org\/wordpress\/wp-json\/wp\/v2\/pages\/3527","targetHints":{"allow":["GET"]}}],"collection":[{"href":"https:\/\/memoriadelesilles.org\/wordpress\/wp-json\/wp\/v2\/pages"}],"about":[{"href":"https:\/\/memoriadelesilles.org\/wordpress\/wp-json\/wp\/v2\/types\/page"}],"author":[{"embeddable":true,"href":"https:\/\/memoriadelesilles.org\/wordpress\/wp-json\/wp\/v2\/users\/1"}],"replies":[{"embeddable":true,"href":"https:\/\/memoriadelesilles.org\/wordpress\/wp-json\/wp\/v2\/comments?post=3527"}],"version-history":[{"count":0,"href":"https:\/\/memoriadelesilles.org\/wordpress\/wp-json\/wp\/v2\/pages\/3527\/revisions"}],"wp:attachment":[{"href":"https:\/\/memoriadelesilles.org\/wordpress\/wp-json\/wp\/v2\/media?parent=3527"}],"curies":[{"name":"wp","href":"https:\/\/api.w.org\/{rel}","templated":true}]}}