{"id":3444,"date":"2012-07-16T21:44:19","date_gmt":"2012-07-16T21:44:19","guid":{"rendered":"http:\/\/www.memoriadelesilles.org\/wordpress\/?page_id=3444"},"modified":"2022-02-28T21:40:37","modified_gmt":"2022-02-28T21:40:37","slug":"lassociacio","status":"publish","type":"page","link":"https:\/\/memoriadelesilles.org\/wordpress\/lassociacio\/","title":{"rendered":"Qui som?"},"content":{"rendered":"<p>L\u2019Associaci\u00f3 Mem\u00f2ria de Mallorca (Associaci\u00f3 per a la Recuperaci\u00f3 de la Mem\u00f2ria Hist\u00f2rica de Mallorca), est\u00e0 formada per un col\u00b7lectiu de ciutadans i ciutadanes compromesos amb la recuperaci\u00f3 de la mem\u00f2ria hist\u00f2rica de Mallorca en relaci\u00f3 als fets de la guerra civil i la posterior repressi\u00f3 franquista. El motiu que va impulsar la seva creaci\u00f3 va ser la seva voluntat de recuperar la dignitat i honorabilitat de <a href=\"http:\/\/www.memoriadelesilles.org\/wordpress\/biografies-2\/\">les v\u00edctimes de la guerra civil i de la repressi\u00f3 a Mallorca<\/a>, aix\u00ed com una part de la hist\u00f2ria de la nostra societat que consideram que no s\u2019ha explicat ni amb rigor ni amb el respecte necessari cap a aquestes v\u00edctimes.<\/p>\n<p>L\u2019Associaci\u00f3 Mem\u00f2ria de Mallorca \u00e9s independent de qualsevol altra organitzaci\u00f3, no t\u00e9 \u00e0nim de lucre ni tampoc d\u2019exclusivitat en el tractament de la mem\u00f2ria hist\u00f2rica a Mallorca.<\/p>\n<p>L\u2019\u00e0mbit principal d\u2019actuaci\u00f3 de Mem\u00f2ria de Mallorca es circumscriu a Mallorca, no obstant es pugui complementar aquest \u00e0mbit amb qualsevol altra refer\u00e8ncia geogr\u00e0fica (auton\u00f2mica, estatal o internacional) relacionada amb les activitats de l\u2019Associaci\u00f3, en especial el conjunt de les Illes Balears.<\/p>\n<p>\u00a0<\/p>\n<p><strong>ANTECEDENTS<\/strong><\/p>\n<div>El grup de MHIB t\u00e9 els seus or\u00edgens a principis de l&#8217;any 2003, quan un grapat molt divers de persones ens v\u00e0rem anar unint, a t\u00edtol individual, per treballar, reivindicar i reflexionar al voltant de la Mem\u00f2ria Hist\u00f2rica de la Guerra Civil a les Illes Balears.<\/div>\n<p>Entre totes i tots, durant el darrers anys, des de MHIB hem ajudat i\/o col\u00b7laborat a la realitzaci\u00f3 de les diverses \u201crutes de la vergonya\u201d que s\u2019han realitzat a Mallorca. Hem ajudat en l\u2019el\u00b7laboraci\u00f3 de documentals (com els dos cap\u00edtols de Zona Roja dedicats a Mallorca); hem contribu\u00eft a homenatges i actes p\u00fablics i a la seva difusi\u00f3. I sobretot hem posat en contacte a molta de gent que, a la vegada, ha tirat endavant iniciatives i projectes.<\/p>\n<p>En el decurs de l\u2019any 2005, un grup de companyes i companys posaren en marxa el Grup de Treball sobre Desaparicions For\u00e7ades a Mallorca. I, m\u00e9s endavant, i com a resultat del seu treball, el 24 de febrer de 2006 va n\u00e9ixer l\u2019Associaci\u00f3 per a la Recuperaci\u00f3 de la Mem\u00f2ria Hist\u00f2rica de Mallorca (ARMHM), i a partir de l&#8217;any 2010 l&#8217;associaci\u00f3 canvi\u00e0 la seva denominaci\u00f3 per Associaci\u00f3 Mem\u00f2ria de Mallorca.<\/p>\n<p>De la gent que va lluitar i morir per la Rep\u00fablica i per la democr\u00e0cia, encara n\u2019hi ha de desapareguts. Hi ha familiars que encara els cerquen, els carrers no porten els seus noms, moltes hist\u00f2ries encara ara no s\u00f3n conegudes. Tampoc s\u2019han obert les investigacions pertinents per depurar els crims del Franquisme, per esborrar la impunitat. I, a m\u00e9s, de cara a les futures generacions que han de viure i sentir la democr\u00e0cia com a cosa pr\u00f2pia, perilla que s\u2019esborri la mem\u00f2ria de tanta gent que va patir i va morir precisament en defensa dels ideals de democr\u00e0cia, de llibertat i de ciutadania.<\/p>\n<p>Per la voluntat de contribuir a reparar aquests greuges i aquests d\u00e8ficits democr\u00e0tics de la nostra societat, ens hem posat en marxa. Pensam, en aquest sentit, que recuperar el passat \u00e9s guanyar el futur.<\/p>\n<p>Aquells que donaren la vida i sofriren per defensar la llibertat i per ideals de progr\u00e9s individual i col.lectiu, moren cada dia que passen enterrats dins la mem\u00f2ria.<\/p>\n<p>Des d\u2019aquesta p\u00e0gina us convidam a unir-vos al nostre projecte, sol.icitant, si voleu, l\u2019alta a la llista de correu electr\u00f2nic i\/o enviant totes les dades que conegueu sobre la repressi\u00f3 franquista (desaparicions for\u00e7ades, assassinats, tortures, confiscacions de b\u00e9ns, exili for\u00e7at)<\/p>\n<h2>\u00a0<\/h2>\n<h2>FINALITATS DE MEM\u00d2RIA DE MALLORCA<\/h2>\n<p>1. El treball per a la recuperaci\u00f3 de la just\u00edcia, la veritat i la dignitat de les persones que patiren la guerra civil i la repressi\u00f3 franquista a les Illes Balears.<\/p>\n<p>2. Els treballs de recerca que es desprenen de l\u2019exist\u00e8ncia de fosses amb restes humanes, corresponents a v\u00edctimes dels fets de guerra i de repres\u00e0lies pol\u00edtiques en el per\u00edode 1936 \u2013 1939 i en el per\u00edode 1940 i endavant, en el seu cas, que no han estat identificades.<\/p>\n<p>3. Dinamitzar un proc\u00e9s que involucri el conjunt de la societat balear per recuperar la hist\u00f2ria del per\u00edode 1936 \u2013 1977, per con\u00e8ixer i aprendre del nostre passat i integrar l\u2019experi\u00e8ncia de les v\u00edctimes oblidades de la guerra en la nostra hist\u00f2ria.<\/p>\n<p>4. Posar en coneixement de la societat i de les institucions p\u00fabliques, inclosa l\u2019Administraci\u00f3 de Just\u00edcia, les dades que es coneguin, amb l\u2019objectiu de recomptar, identificar i descriure les circumst\u00e0ncies de les repres\u00e0lies patides per les v\u00edctimes de la guerra civil i del franquisme.<\/p>\n<h2>\u00a0<\/h2>\n<h2>ACTIVITATS<\/h2>\n<p>1. La investigaci\u00f3, exhumaci\u00f3 i identificaci\u00f3 de les persones desaparegudes violentament durant la guerra civil o durant la repressi\u00f3 franquista.<\/p>\n<p>2. L\u2019elaboraci\u00f3 d\u2019un cens de les v\u00edctimes de la guerra civil i de la dictadura, i la seva difusi\u00f3 en qualsevol forma.<\/p>\n<p>3. La recopilaci\u00f3 de testimonis orals de les v\u00edctimes directes de la guerra civil i de la repressi\u00f3 franquista, aix\u00ed com dels seus familiars.<\/p>\n<p>4. Actes de reconeixement moral a les v\u00edctimes de la guerra civil i del franquisme, inclosos treballadors, intel\u00b7lectuals, professionals, pol\u00edtics, militars i totes aquelles personalitats que foren perseguides, condenades o executades a causa o en relaci\u00f3 amb la guerra o la repressi\u00f3 franquista.<\/p>\n<p>5. L\u2019organitzaci\u00f3 de cursos, seminaris o jornades sobre la recuperaci\u00f3 de la Mem\u00f2ria Hist\u00f2rica, poguent col\u00b7laborar amb altres associacions o amb institucions p\u00fabliques o privades.<\/p>\n<p>6. La publicaci\u00f3 i difusi\u00f3 d\u2019estudis, informes i documentaci\u00f3, en qualsevol forma, sobre la guerra civil i la repressi\u00f3 franquista.<\/p>\n<p>7. La identificaci\u00f3 dels llocs de repressi\u00f3 a Mallorca com a testimoni de les viv\u00e8ncies de les v\u00edctimes de la guerra i la posterior repressi\u00f3 i la seva defensa com a tal testimoni.<\/p>\n<p>8. La protecci\u00f3 dels llocs d\u2019homenatge a les v\u00edctimes de la repressi\u00f3 o als principis i valors que aquestes defensaren o per les quals varen patir repressi\u00f3, en especial el \u201cBosc de la Mem\u00f2ria\u201d a Bendinat (Calvi\u00e0).<\/p>\n<h2>\u00a0<\/h2>\n<h2>PRINCIPIS DE MEM\u00d2RIA DE MALLORCA<\/h2>\n<p>Mem\u00f2ria de Mallorca segueix els <span style=\"text-decoration: underline;\">Principis per a la protecci\u00f3 i la promoci\u00f3 dels drets humans mitjan\u00e7ant la lluita contra la impunitat<\/span><em>,<\/em> adoptats per la Comissi\u00f3 de Drets Humans de l\u2019Organitzaci\u00f3 de les Nacions Unides:<\/p>\n<p><strong>1. Dret a saber <\/strong><\/p>\n<p>L&#8217;Estat ha d&#8217;assegurar l&#8217;exercici ple i efectiu del dret a saber, com salvaguarda fonamental contra la repetici\u00f3 de les violacions de drets humans. Per a aix\u00f2, l&#8217;Estat ha d&#8217;adoptar les mesures necess\u00e0ries per a garantir el funcionament independent i efica\u00e7 del poder judicial, que poden ser complementades amb processos no judicials, com la creaci\u00f3 de Comissions d&#8217;investigaci\u00f3 (independents, imparcials i competents) i preservant i facilitant els arxius existents.<\/p>\n<p><strong>2. Dret a la just\u00edcia <\/strong><\/p>\n<p>L&#8217;Estat ha d&#8217;emprendre investigacions r\u00e0pides, minucioses, independents i imparcials de les violacions dels drets humans i el dret internacional humanitari i adoptar les mesures apropiades respecte dels seus autors, especialment en l&#8217;esfera de la just\u00edcia penal, perqu\u00e8 siguin processats, jutjats i condemnats degudament.<\/p>\n<p>S&#8217;adoptaran mesures restrictives per a evitar la impunitat en mat\u00e8ria de prescripci\u00f3, amnisties, dret d&#8217;asil, extradici\u00f3, obedi\u00e8ncia deguda, la responsabilitat superior i el car\u00e0cter oficial dels autors i compet\u00e8ncia dels tribunals militars.<\/p>\n<p><strong>3. Dret a la reparaci\u00f3 i a garanties de no repetici\u00f3 de les violacions<\/strong><\/p>\n<p>L&#8217;Estat ha d&#8217;assegurar que tant per la via penal com per la civil, administrativa o disciplin\u00e0ria, qualsevol v\u00edctima ha de tenir la possibilitat d&#8217;exercir un recurs accessible, r\u00e0pid i efica\u00e7, incloent restriccions a la prescripci\u00f3.<\/p>\n<p>En els casos de desaparicions for\u00e7ades, la fam\u00edlia de la v\u00edctima directa t\u00e9 el dret imprescriptible a ser informada de la sort i\/o el parador de la persona desapareguda i, en cas de defunci\u00f3, se li ha de restituir el cos quan s&#8217;identifiqui, independentment que s&#8217;hagi establert la identitat dels autors o els hi hagi encausat.<\/p>\n<p>L&#8217;Estat ha d&#8217;adoptar les mesures adients perqu\u00e8 les v\u00edctimes no puguin tornar a ser objecte de violacions dels seus drets: ha d&#8217;emprendre reformes institucionals per a assegurar el respecte de la llei, promoure i mantenir una cultura de respecte dels drets humans, i restaurar o establir altra vegada la confian\u00e7a p\u00fablica en les institucions governamentals.<\/p>\n<p>La reforma de les institucions estatals ha d&#8217;incloure, com a m\u00ednim les seg\u00fcents mesures:<\/p>\n<p>a) Els funcionaris p\u00fablics i els empleats que siguin personalment responsables de violacions greus dels drets humans, en particular els que pertanyin als sectors militar, de seguretat, policial, d&#8217;intel\u00b7lig\u00e8ncia i judicial, no han de continuar al servei de les institucions de l&#8217;Estat.<\/p>\n<p>b) Pel que fa al poder judicial, l&#8217;Estat ha d&#8217;emprendre totes les mesures necess\u00e0ries per a assegurar el funcionament independent, imparcial i efica\u00e7 dels tribunals de conformitat amb les normes internacionals relatives a les garanties processals degudes.<\/p>\n<p>No existeix reconciliaci\u00f3 justa i duradora si no es satisf\u00e0 efectivament la necessitat de just\u00edcia, en inter\u00e8s de les v\u00edctimes de violacions dels drets humans i no dels autors d\u2019aquestes violacions.<\/p>\n<h2>COM FER-SE SOCIS<\/h2>\n<p>Poden formar part de l\u2019associaci\u00f3 totes les persones majors de 18 anys.<\/p>\n<p style=\"color: #333333; font-style: normal;\">La quota inicial \u00e9s de 20\u20ac i servir\u00e0 per sufragar despeses de funcionament de l&#8217;Associaci\u00f3. Els familiars de desapareguts i de morts estan exempts de pagar aquesta quota, com a socis d&#8217;honor.<\/p>\n<p style=\"color: #333333; font-style: normal;\">Per fer-se soci, cal emplenar el <a href=\"http:\/\/memoriadelesilles.org\/wordpress\/wp-content\/uploads\/2022\/02\/FULL_AFILIACIO.pdf\" target=\"_blank\" rel=\"noopener\">FULL DE SOCI<\/a> i presentar o enviar aquest full a la seu de Mem\u00f2ria de Mallorca a Palma situada al carrer Volant\u00ed, n\u00famero 18, 07610 Palma,<\/p>\n<p>o b\u00e9 a l\u2019adre\u00e7a: <a href=\"mailto:tempsdelamemoria@gmail.com\">tempsdelamemoria@gmail.com.<\/a><\/p>\n<p>Les dades contingudes al full de socis s\u2019empraran \u00fanicament i exclusivament per contactar amb els socis.<\/p>\n<p>Per a m\u00e9s informaci\u00f3, escriviu-nos a: <a href=\"mailto:tempsdelamemoria@gmail.com\">tempsdelamemoria@gmail.com<\/a><\/p>\n<p>Associaci\u00f3 Mem\u00f2ria de Mallorca<\/p>\n<p>Carrer Volant\u00ed, 18<\/p>\n<p>07610 Palma<\/p>\n<h3 align=\"left\"><strong>DOCUMENTS<\/strong><\/h3>\n<p><a href=\"http:\/\/hispanianova.rediris.es\/6\/dossier\/6d012.pdf\" target=\"_blank\" rel=\"noopener\">Trauma y memoria de la Guerra Civil y de la dictadura franquista. Informe de Jos\u00e9 Mar\u00eda Ru\u00edz-Vargas (HISPANIA NOVA &#8211; Revista de Historia Contemporanea. Separata n\u00ba 6 &#8211; a\u00f1o 2006) (pdf.)<\/a><\/p>\n<p><a href=\"http:\/\/www.memoriacatalunya.org\/assets\/pdf\/La deuda pendiente.pdf\">Informe d&#8217;Amnistia Internacional sobre el deute pendent amb les v\u00edctimes de la Guerra Civil i el Franquisme. 18 de juliol de 2005 (pdf.)<\/a><\/p>\n<p>\u00a0<\/p>\n\n\n<p><\/p>\n","protected":false},"excerpt":{"rendered":"<p>L\u2019Associaci\u00f3 Mem\u00f2ria de Mallorca (Associaci\u00f3 per a la Recuperaci\u00f3 de la Mem\u00f2ria Hist\u00f2rica de Mallorca), est\u00e0 formada per un col\u00b7lectiu &hellip; <a class=\"more-link\" href=\"https:\/\/memoriadelesilles.org\/wordpress\/lassociacio\/\">M\u00e9s<\/a><\/p>\n","protected":false},"author":1,"featured_media":0,"parent":0,"menu_order":1,"comment_status":"closed","ping_status":"closed","template":"","meta":{"footnotes":""},"class_list":["post-3444","page","type-page","status-publish","hentry",""],"_links":{"self":[{"href":"https:\/\/memoriadelesilles.org\/wordpress\/wp-json\/wp\/v2\/pages\/3444","targetHints":{"allow":["GET"]}}],"collection":[{"href":"https:\/\/memoriadelesilles.org\/wordpress\/wp-json\/wp\/v2\/pages"}],"about":[{"href":"https:\/\/memoriadelesilles.org\/wordpress\/wp-json\/wp\/v2\/types\/page"}],"author":[{"embeddable":true,"href":"https:\/\/memoriadelesilles.org\/wordpress\/wp-json\/wp\/v2\/users\/1"}],"replies":[{"embeddable":true,"href":"https:\/\/memoriadelesilles.org\/wordpress\/wp-json\/wp\/v2\/comments?post=3444"}],"version-history":[{"count":0,"href":"https:\/\/memoriadelesilles.org\/wordpress\/wp-json\/wp\/v2\/pages\/3444\/revisions"}],"wp:attachment":[{"href":"https:\/\/memoriadelesilles.org\/wordpress\/wp-json\/wp\/v2\/media?parent=3444"}],"curies":[{"name":"wp","href":"https:\/\/api.w.org\/{rel}","templated":true}]}}