{"id":3430,"date":"2012-06-30T15:47:12","date_gmt":"2012-06-30T15:47:12","guid":{"rendered":"http:\/\/www.memoriadelesilles.org\/wordpress\/?page_id=3430"},"modified":"2012-06-30T15:47:12","modified_gmt":"2012-06-30T15:47:12","slug":"poble-a-poble","status":"publish","type":"page","link":"https:\/\/memoriadelesilles.org\/wordpress\/poble-a-poble\/","title":{"rendered":"Poble a poble"},"content":{"rendered":"<p style=\"text-align: justify;\">Sobre aquest espai volem donar acc\u00e9s a poder consultar diferents treballs que han anat sortint sobre\u00a0els per\u00edodes de la II Rep\u00fablica i la Guerra Civil, o altres per\u00edodes, organitzat per municipis. Poden ser resums\u00a0o coses m\u00e9s \u00e0mplies. Els que tenen publicats llibres en poden penjar tot o part del contingut; els que tenen p\u00e0gina\u00a0web hi poden incloure un acc\u00e9s directe; els que han investigat i no publicat, en poden penjar les dades, un resum o tot.<\/p>\n<p style=\"text-align: justify;\"><a href=\"http:\/\/docs.google.com:80\/Doc?id=dfzxqsxn_18dtsvdf\">Guerra Civil a Son Servera<\/a><\/p>\n<p><a href=\"http:\/\/www.memoriadelesilles.org\/public\/gcsm\/\">La Guerra Civil a Santa Margalida<\/a><\/p>\n<p>&nbsp;<\/p>\n<p>&nbsp;<\/p>\n","protected":false},"excerpt":{"rendered":"<p>Sobre aquest espai volem donar acc\u00e9s a poder consultar diferents treballs que han anat sortint sobre\u00a0els per\u00edodes de la II &hellip; <a class=\"more-link\" href=\"https:\/\/memoriadelesilles.org\/wordpress\/poble-a-poble\/\">M\u00e9s<\/a><\/p>\n","protected":false},"author":1,"featured_media":0,"parent":0,"menu_order":0,"comment_status":"closed","ping_status":"closed","template":"","meta":{"footnotes":""},"class_list":["post-3430","page","type-page","status-publish","hentry",""],"_links":{"self":[{"href":"https:\/\/memoriadelesilles.org\/wordpress\/wp-json\/wp\/v2\/pages\/3430","targetHints":{"allow":["GET"]}}],"collection":[{"href":"https:\/\/memoriadelesilles.org\/wordpress\/wp-json\/wp\/v2\/pages"}],"about":[{"href":"https:\/\/memoriadelesilles.org\/wordpress\/wp-json\/wp\/v2\/types\/page"}],"author":[{"embeddable":true,"href":"https:\/\/memoriadelesilles.org\/wordpress\/wp-json\/wp\/v2\/users\/1"}],"replies":[{"embeddable":true,"href":"https:\/\/memoriadelesilles.org\/wordpress\/wp-json\/wp\/v2\/comments?post=3430"}],"version-history":[{"count":0,"href":"https:\/\/memoriadelesilles.org\/wordpress\/wp-json\/wp\/v2\/pages\/3430\/revisions"}],"wp:attachment":[{"href":"https:\/\/memoriadelesilles.org\/wordpress\/wp-json\/wp\/v2\/media?parent=3430"}],"curies":[{"name":"wp","href":"https:\/\/api.w.org\/{rel}","templated":true}]}}